{"id":2013,"date":"2020-05-14T16:16:55","date_gmt":"2020-05-14T14:16:55","guid":{"rendered":"https:\/\/alineamientoenergetico.com\/fr\/?page_id=2013"},"modified":"2020-05-14T16:18:39","modified_gmt":"2020-05-14T14:18:39","slug":"autres-activites","status":"publish","type":"page","link":"https:\/\/alineamientoenergetico.com\/fr\/autres-activites\/","title":{"rendered":"Autres Activit\u00e9s"},"content":{"rendered":"\t\t<div data-elementor-type=\"wp-post\" data-elementor-id=\"2013\" class=\"elementor elementor-2013\">\n\t\t\t\t\t\t<section class=\"elementor-section elementor-top-section elementor-element elementor-element-6a761d2d elementor-section-stretched elementor-section-full_width elementor-section-height-default elementor-section-height-default\" data-id=\"6a761d2d\" data-element_type=\"section\" data-e-type=\"section\" data-settings=\"{&quot;stretch_section&quot;:&quot;section-stretched&quot;,&quot;background_background&quot;:&quot;classic&quot;}\">\n\t\t\t\t\t\t\t<div class=\"elementor-background-overlay\"><\/div>\n\t\t\t\t\t\t\t<div class=\"elementor-container elementor-column-gap-default\">\n\t\t\t\t\t<div class=\"elementor-column elementor-col-100 elementor-top-column elementor-element elementor-element-68ca3cc9\" data-id=\"68ca3cc9\" data-element_type=\"column\" data-e-type=\"column\">\n\t\t\t<div class=\"elementor-widget-wrap elementor-element-populated\">\n\t\t\t\t\t\t<div class=\"elementor-element elementor-element-15098d8f elementor-widget elementor-widget-text-editor\" data-id=\"15098d8f\" data-element_type=\"widget\" data-e-type=\"widget\" data-widget_type=\"text-editor.default\">\n\t\t\t\t<div class=\"elementor-widget-container\">\n\t\t\t\t\t\t\t\t\t<p>Autres Activit\u00e9s<\/p>\t\t\t\t\t\t\t\t<\/div>\n\t\t\t\t<\/div>\n\t\t\t\t\t<\/div>\n\t\t<\/div>\n\t\t\t\t\t<\/div>\n\t\t<\/section>\n\t\t\t\t<section class=\"elementor-section elementor-top-section elementor-element elementor-element-3fd424a elementor-section-boxed elementor-section-height-default elementor-section-height-default\" data-id=\"3fd424a\" data-element_type=\"section\" data-e-type=\"section\">\n\t\t\t\t\t\t<div class=\"elementor-container elementor-column-gap-default\">\n\t\t\t\t\t<div class=\"elementor-column elementor-col-100 elementor-top-column elementor-element elementor-element-cde2c82\" data-id=\"cde2c82\" data-element_type=\"column\" data-e-type=\"column\">\n\t\t\t<div class=\"elementor-widget-wrap elementor-element-populated\">\n\t\t\t\t\t\t<div class=\"elementor-element elementor-element-e2ea69d elementor-grid-eael-col-3 elementor-grid-tablet-eael-col-2 elementor-grid-mobile-eael-col-1 elementor-widget elementor-widget-eael-post-grid\" data-id=\"e2ea69d\" data-element_type=\"widget\" data-e-type=\"widget\" data-settings=\"{&quot;eael_post_grid_columns&quot;:&quot;eael-col-3&quot;,&quot;eael_post_grid_columns_tablet&quot;:&quot;eael-col-2&quot;,&quot;eael_post_grid_columns_mobile&quot;:&quot;eael-col-1&quot;}\" data-widget_type=\"eael-post-grid.default\">\n\t\t\t\t<div class=\"elementor-widget-container\">\n\t\t\t\t\t<div id=\"eael-post-grid-e2ea69d\" class=\"eael-post-grid-container\">\n            <div class=\"eael-post-grid eael-post-appender eael-post-appender-e2ea69d eael-post-grid-style-one\" data-layout-mode=\"masonry\"><article class=\"eael-grid-post  eael-post-grid-column eael-pg-post-2494 category-activites-formation\" data-id=\"2494\">\n        <div class=\"eael-grid-post-holder\">\n            <div class=\"eael-grid-post-holder-inner\"><div class=\"eael-entry-media\"><div class=\"eael-entry-overlay fade-in\"><i class=\"fas fa-long-arrow-alt-right\" aria-hidden=\"true\"><\/i><a href=\"https:\/\/alineamientoenergetico.com\/fr\/formation-souffle-voix-jon-del-vas\/\"><\/a><\/div><div class=\"eael-entry-thumbnail \">\n                <img decoding=\"async\" width=\"150\" height=\"150\" src=\"https:\/\/alineamientoenergetico.com\/fr\/wp-content\/uploads\/2020\/05\/jon-en-seance-3-150x150.jpg\" class=\"attachment-thumbnail size-thumbnail wp-image-2447\" alt=\"\" \/>\n            <\/div>\n        <\/div><div class=\"eael-entry-wrapper\"><header class=\"eael-entry-header\"><h2 class=\"eael-entry-title\"><a class=\"eael-grid-post-link\" href=\"https:\/\/alineamientoenergetico.com\/fr\/formation-souffle-voix-jon-del-vas\/\" title=\"Formation: Souffle-Voix &#8211; Jon del Vas &#8211; 2026\/2029\">Formation: Souffle-Voix &#8211; Jon del Vas &#8211; 2026\/2029<\/a><\/h2><\/header><div class=\"eael-entry-content\">\n                        <div class=\"eael-grid-post-excerpt\"><p>https:\/\/youtube.com\/shorts\/0amdnYg1EfY?si=J6xNCz8Pm4QfM29y \u201cNous avons tous une grande et belle voix. Mais elle reste prisonni\u00e8re dans notre corps qui n\u2019a pas su ou n\u2019a pas pu se d\u00e9velopper dans sa totale verticalit\u00e9,...<\/p><\/div>\n                    <\/div><\/div><\/div>\n        <\/div>\n    <\/article><article class=\"eael-grid-post  eael-post-grid-column eael-pg-post-2272 category-activites-alignement\" data-id=\"2272\">\n        <div class=\"eael-grid-post-holder\">\n            <div class=\"eael-grid-post-holder-inner\"><div class=\"eael-entry-media\"><div class=\"eael-entry-overlay fade-in\"><i class=\"fas fa-long-arrow-alt-right\" aria-hidden=\"true\"><\/i><a href=\"https:\/\/alineamientoenergetico.com\/fr\/synapsis-comment-se-liberer-dune-situation-recurrente\/\"><\/a><\/div><div class=\"eael-entry-thumbnail \">\n                <img decoding=\"async\" width=\"150\" height=\"150\" src=\"https:\/\/alineamientoenergetico.com\/fr\/wp-content\/uploads\/2021\/02\/synapsis-lion-150x150.jpg\" class=\"attachment-thumbnail size-thumbnail wp-image-2287\" alt=\"\" \/>\n            <\/div>\n        <\/div><div class=\"eael-entry-wrapper\"><header class=\"eael-entry-header\"><h2 class=\"eael-entry-title\"><a class=\"eael-grid-post-link\" href=\"https:\/\/alineamientoenergetico.com\/fr\/synapsis-comment-se-liberer-dune-situation-recurrente\/\" title=\"SYNAPSIS: SE LIB\u00c9RER D&rsquo;UNE SITUATION R\u00c9CURRENTE\">SYNAPSIS: SE LIB\u00c9RER D&rsquo;UNE SITUATION R\u00c9CURRENTE<\/a><\/h2><\/header><div class=\"eael-entry-content\">\n                        <div class=\"eael-grid-post-excerpt\"><p>Vous vivez une situation qui a tendance \u00e0 se r\u00e9p\u00e9ter et ne savez pas pourquoi ni comment l\u2019arr\u00eater\u00a0? Alquimia vous propose d&rsquo;exp\u00e9rimenter une nouvelle m\u00e9thode appel\u00e9e SYNAPSIS. Il s\u2019agit d\u2019un...<\/p><\/div>\n                    <\/div><\/div><\/div>\n        <\/div>\n    <\/article><article class=\"eael-grid-post  eael-post-grid-column eael-pg-post-2036 category-activites-alignement\" data-id=\"2036\">\n        <div class=\"eael-grid-post-holder\">\n            <div class=\"eael-grid-post-holder-inner\"><div class=\"eael-entry-media\"><div class=\"eael-entry-overlay fade-in\"><i class=\"fas fa-long-arrow-alt-right\" aria-hidden=\"true\"><\/i><a href=\"https:\/\/alineamientoenergetico.com\/fr\/canalisation-guidance-spirituelle-fr\/\"><\/a><\/div><div class=\"eael-entry-thumbnail \">\n                <img decoding=\"async\" width=\"150\" height=\"150\" src=\"https:\/\/alineamientoenergetico.com\/fr\/wp-content\/uploads\/2020\/06\/canalisation-chemin-de-vie-150x150.jpg\" class=\"attachment-thumbnail size-thumbnail wp-image-2044\" alt=\"\" \/>\n            <\/div>\n        <\/div><div class=\"eael-entry-wrapper\"><header class=\"eael-entry-header\"><h2 class=\"eael-entry-title\"><a class=\"eael-grid-post-link\" href=\"https:\/\/alineamientoenergetico.com\/fr\/canalisation-guidance-spirituelle-fr\/\" title=\"Canalisation &#8211; Guidance Spirituelle &#8211;  Mei Samarra\">Canalisation &#8211; Guidance Spirituelle &#8211;  Mei Samarra<\/a><\/h2><\/header><div class=\"eael-entry-content\">\n                        <div class=\"eael-grid-post-excerpt\"><p>Mei Samarra, connect\u00e9e \u00e0 nos guides spirituels, effectue une s\u00e9ance de canalisation de guidance. En connexion avec nos gardiens spirituels, elle se positionne comme vecteur de transmission de messages (\u00ab\u00a0mes_sages\u00a0\u00bb)...<\/p><\/div>\n                    <\/div><\/div><\/div>\n        <\/div>\n    <\/article><article class=\"eael-grid-post  eael-post-grid-column eael-pg-post-1326 category-activites\" data-id=\"1326\">\n        <div class=\"eael-grid-post-holder\">\n            <div class=\"eael-grid-post-holder-inner\"><div class=\"eael-entry-media\"><div class=\"eael-entry-overlay fade-in\"><i class=\"fas fa-long-arrow-alt-right\" aria-hidden=\"true\"><\/i><a href=\"https:\/\/alineamientoenergetico.com\/fr\/atelier-souffle-et-voix-methode-serge-wilfart\/\"><\/a><\/div><div class=\"eael-entry-thumbnail \">\n                <img loading=\"lazy\" decoding=\"async\" width=\"150\" height=\"150\" src=\"https:\/\/alineamientoenergetico.com\/fr\/wp-content\/uploads\/2020\/05\/jon-en-seance-150x150.jpg\" class=\"attachment-thumbnail size-thumbnail wp-image-2448\" alt=\"\" \/>\n            <\/div>\n        <\/div><div class=\"eael-entry-wrapper\"><header class=\"eael-entry-header\"><h2 class=\"eael-entry-title\"><a class=\"eael-grid-post-link\" href=\"https:\/\/alineamientoenergetico.com\/fr\/atelier-souffle-et-voix-methode-serge-wilfart\/\" title=\"Atelier: Souffle-Voix &#8211; Jon del Vas\">Atelier: Souffle-Voix &#8211; Jon del Vas<\/a><\/h2><\/header><div class=\"eael-entry-content\">\n                        <div class=\"eael-grid-post-excerpt\"><p>\u201cNous avons tous une grande et belle voix. Mais elle reste prisonni\u00e8re dans notre corps qui n\u2019a pas su ou n\u2019a pas pu se d\u00e9velopper dans sa totale verticalit\u00e9, dans...<\/p><\/div>\n                    <\/div><\/div><\/div>\n        <\/div>\n    <\/article><article class=\"eael-grid-post  eael-post-grid-column eael-pg-post-1658 category-activites\" data-id=\"1658\">\n        <div class=\"eael-grid-post-holder\">\n            <div class=\"eael-grid-post-holder-inner\"><div class=\"eael-entry-media\"><div class=\"eael-entry-overlay fade-in\"><i class=\"fas fa-long-arrow-alt-right\" aria-hidden=\"true\"><\/i><a href=\"https:\/\/alineamientoenergetico.com\/fr\/mediation-resolution-de-conflits\/\"><\/a><\/div><div class=\"eael-entry-thumbnail \">\n                <img loading=\"lazy\" decoding=\"async\" width=\"150\" height=\"150\" src=\"https:\/\/alineamientoenergetico.com\/fr\/wp-content\/uploads\/2020\/04\/photo-pajaro-mediaci\u00f3n-150x150.png\" class=\"attachment-thumbnail size-thumbnail wp-image-1664\" alt=\"\" \/>\n            <\/div>\n        <\/div><div class=\"eael-entry-wrapper\"><header class=\"eael-entry-header\"><h2 class=\"eael-entry-title\"><a class=\"eael-grid-post-link\" href=\"https:\/\/alineamientoenergetico.com\/fr\/mediation-resolution-de-conflits\/\" title=\"M\u00e9diation &#8211; R\u00e9solution de Conflits\">M\u00e9diation &#8211; R\u00e9solution de Conflits<\/a><\/h2><\/header><div class=\"eael-entry-content\">\n                        <div class=\"eael-grid-post-excerpt\"><p>Nous pouvons d\u00e9finir la spiritualit\u00e9 comme la compr\u00e9hension de la connectivit\u00e9 entre toutes les choses. Quand cette connectivit\u00e9 n&rsquo;est pas fluide, elle s&rsquo;obstrue sous forme de conflit qui peut amener...<\/p><\/div>\n                    <\/div><\/div><\/div>\n        <\/div>\n    <\/article><article class=\"eael-grid-post  eael-post-grid-column eael-pg-post-1353 category-activites\" data-id=\"1353\">\n        <div class=\"eael-grid-post-holder\">\n            <div class=\"eael-grid-post-holder-inner\"><div class=\"eael-entry-media\"><div class=\"eael-entry-overlay fade-in\"><i class=\"fas fa-long-arrow-alt-right\" aria-hidden=\"true\"><\/i><a href=\"https:\/\/alineamientoenergetico.com\/fr\/la-musique-de-ta-vie\/\"><\/a><\/div><div class=\"eael-entry-thumbnail \">\n                <img loading=\"lazy\" decoding=\"async\" width=\"150\" height=\"150\" src=\"https:\/\/alineamientoenergetico.com\/fr\/wp-content\/uploads\/2020\/04\/MUSICA2-150x150.jpeg\" class=\"attachment-thumbnail size-thumbnail wp-image-1471\" alt=\"\" \/>\n            <\/div>\n        <\/div><div class=\"eael-entry-wrapper\"><header class=\"eael-entry-header\"><h2 class=\"eael-entry-title\"><a class=\"eael-grid-post-link\" href=\"https:\/\/alineamientoenergetico.com\/fr\/la-musique-de-ta-vie\/\" title=\"Selfie Music\">Selfie Music<\/a><\/h2><\/header><div class=\"eael-entry-content\">\n                        <div class=\"eael-grid-post-excerpt\"><p>Quels sont les messages que nous envoyons constamment au monde ? Quels comportements, d\u00e9cisions, attitudes\u2026 d\u00e9terminent clairement et\/ou subtilement la teneur de ces messages et la mani\u00e8re dont ils sont...<\/p><\/div>\n                    <\/div><\/div><\/div>\n        <\/div>\n    <\/article><article class=\"eael-grid-post  eael-post-grid-column eael-pg-post-1345 category-activites\" data-id=\"1345\">\n        <div class=\"eael-grid-post-holder\">\n            <div class=\"eael-grid-post-holder-inner\"><div class=\"eael-entry-media\"><div class=\"eael-entry-overlay fade-in\"><i class=\"fas fa-long-arrow-alt-right\" aria-hidden=\"true\"><\/i><a href=\"https:\/\/alineamientoenergetico.com\/fr\/seances-individuelles-avec-un-dream-manager-2\/\"><\/a><\/div><div class=\"eael-entry-thumbnail \">\n                <img loading=\"lazy\" decoding=\"async\" width=\"150\" height=\"150\" src=\"https:\/\/alineamientoenergetico.com\/fr\/wp-content\/uploads\/2020\/04\/mei-samarra-garcia-150x150.jpg\" class=\"attachment-thumbnail size-thumbnail wp-image-1472\" alt=\"\" \/>\n            <\/div>\n        <\/div><div class=\"eael-entry-wrapper\"><header class=\"eael-entry-header\"><h2 class=\"eael-entry-title\"><a class=\"eael-grid-post-link\" href=\"https:\/\/alineamientoenergetico.com\/fr\/seances-individuelles-avec-un-dream-manager-2\/\" title=\"S\u00e9ances individuelles avec un \u00ab\u00a0Dream Manager\u00a0\u00bb\">S\u00e9ances individuelles avec un \u00ab\u00a0Dream Manager\u00a0\u00bb<\/a><\/h2><\/header><div class=\"eael-entry-content\">\n                        <div class=\"eael-grid-post-excerpt\"><p>DREAM MANAGER (Manager et planificateur des r\u00eaves et aspirations personnels) Les r\u00eaves nous d\u00e9finissent. Je veux parler de nos d\u00e9sirs, ambitions, esp\u00e9rances, id\u00e9aux, aspirations les plus profondes, ce qui est...<\/p><\/div>\n                    <\/div><\/div><\/div>\n        <\/div>\n    <\/article><article class=\"eael-grid-post  eael-post-grid-column eael-pg-post-1278 category-activites-dinamyc\" data-id=\"1278\">\n        <div class=\"eael-grid-post-holder\">\n            <div class=\"eael-grid-post-holder-inner\"><div class=\"eael-entry-media\"><div class=\"eael-entry-overlay fade-in\"><i class=\"fas fa-long-arrow-alt-right\" aria-hidden=\"true\"><\/i><a href=\"https:\/\/alineamientoenergetico.com\/fr\/atelier-de-relaxation-par-le-rire\/\"><\/a><\/div><div class=\"eael-entry-thumbnail \">\n                <img loading=\"lazy\" decoding=\"async\" width=\"150\" height=\"150\" src=\"https:\/\/alineamientoenergetico.com\/fr\/wp-content\/uploads\/2020\/04\/baby-laughing-150x150.jpg\" class=\"attachment-thumbnail size-thumbnail wp-image-2319\" alt=\"\" srcset=\"https:\/\/alineamientoenergetico.com\/fr\/wp-content\/uploads\/2020\/04\/baby-laughing-150x150.jpg 150w, https:\/\/alineamientoenergetico.com\/fr\/wp-content\/uploads\/2020\/04\/baby-laughing-300x300.jpg 300w, https:\/\/alineamientoenergetico.com\/fr\/wp-content\/uploads\/2020\/04\/baby-laughing-1024x1024.jpg 1024w, https:\/\/alineamientoenergetico.com\/fr\/wp-content\/uploads\/2020\/04\/baby-laughing-768x768.jpg 768w, https:\/\/alineamientoenergetico.com\/fr\/wp-content\/uploads\/2020\/04\/baby-laughing-1536x1536.jpg 1536w, https:\/\/alineamientoenergetico.com\/fr\/wp-content\/uploads\/2020\/04\/baby-laughing.jpg 1920w\" sizes=\"(max-width: 150px) 100vw, 150px\" \/>\n            <\/div>\n        <\/div><div class=\"eael-entry-wrapper\"><header class=\"eael-entry-header\"><h2 class=\"eael-entry-title\"><a class=\"eael-grid-post-link\" href=\"https:\/\/alineamientoenergetico.com\/fr\/atelier-de-relaxation-par-le-rire\/\" title=\"Atelier de Relaxation par le Rire\">Atelier de Relaxation par le Rire<\/a><\/h2><\/header><div class=\"eael-entry-content\">\n                        <div class=\"eael-grid-post-excerpt\"><p>La Dynamique du Rire ou \u00ab\u00a0Risoth\u00e9rapie\u00a0\u00bb est une technique de dynamique de groupe invent\u00e9e et enseign\u00e9e en Espagne qui a pour objectif de donner l&rsquo;opportunit\u00e9 aux gens de rire, de...<\/p><\/div>\n                    <\/div><\/div><\/div>\n        <\/div>\n    <\/article><\/div>\n            <div class=\"clearfix\"><\/div>\n        <\/div>\t\t\t\t<\/div>\n\t\t\t\t<\/div>\n\t\t\t\t\t<\/div>\n\t\t<\/div>\n\t\t\t\t\t<\/div>\n\t\t<\/section>\n\t\t\t\t<\/div>\n\t\t","protected":false},"excerpt":{"rendered":"<p>Autres Activit\u00e9s Canalisation &#8211; Guidance spirituelle &#8211; Mei Samarra Mei Samarra, connect\u00e9e \u00e0 nos guides spirituels, effectue une s\u00e9ance de canalisation de guidance. Bien que Mei canalise \u00e0 travers le travail de l&#8217;alignement \u00e9nerg\u00e9tique Or Vert depuis plus de&#8230; M\u00e9diation &#8211; R\u00e9solution de Conflits Nous pouvons d\u00e9finir la spiritualit\u00e9 comme la compr\u00e9hension de la connectivit\u00e9 entre toutes les choses. Quand cette connectivit\u00e9 n&#8217;est pas fluide, elle s&#8217;obstrue sous forme de conflit qui peut amener&#8230; Roue\u2026<\/p>\n","protected":false},"author":1,"featured_media":0,"parent":0,"menu_order":0,"comment_status":"closed","ping_status":"closed","template":"","meta":{"site-sidebar-layout":"no-sidebar","site-content-layout":"page-builder","ast-site-content-layout":"default","site-content-style":"default","site-sidebar-style":"default","ast-global-header-display":"","ast-banner-title-visibility":"","ast-main-header-display":"","ast-hfb-above-header-display":"","ast-hfb-below-header-display":"","ast-hfb-mobile-header-display":"","site-post-title":"disabled","ast-breadcrumbs-content":"","ast-featured-img":"disabled","footer-sml-layout":"","ast-disable-related-posts":"","theme-transparent-header-meta":"default","adv-header-id-meta":"","stick-header-meta":"","header-above-stick-meta":"","header-main-stick-meta":"","header-below-stick-meta":"","astra-migrate-meta-layouts":"default","ast-page-background-enabled":"default","ast-page-background-meta":{"desktop":{"background-color":"","background-image":"","background-repeat":"repeat","background-position":"center center","background-size":"auto","background-attachment":"scroll","background-type":"","background-media":"","overlay-type":"","overlay-color":"","overlay-opacity":"","overlay-gradient":""},"tablet":{"background-color":"","background-image":"","background-repeat":"repeat","background-position":"center center","background-size":"auto","background-attachment":"scroll","background-type":"","background-media":"","overlay-type":"","overlay-color":"","overlay-opacity":"","overlay-gradient":""},"mobile":{"background-color":"","background-image":"","background-repeat":"repeat","background-position":"center center","background-size":"auto","background-attachment":"scroll","background-type":"","background-media":"","overlay-type":"","overlay-color":"","overlay-opacity":"","overlay-gradient":""}},"ast-content-background-meta":{"desktop":{"background-color":"var(--ast-global-color-5)","background-image":"","background-repeat":"repeat","background-position":"center center","background-size":"auto","background-attachment":"scroll","background-type":"","background-media":"","overlay-type":"","overlay-color":"","overlay-opacity":"","overlay-gradient":""},"tablet":{"background-color":"var(--ast-global-color-5)","background-image":"","background-repeat":"repeat","background-position":"center center","background-size":"auto","background-attachment":"scroll","background-type":"","background-media":"","overlay-type":"","overlay-color":"","overlay-opacity":"","overlay-gradient":""},"mobile":{"background-color":"var(--ast-global-color-5)","background-image":"","background-repeat":"repeat","background-position":"center center","background-size":"auto","background-attachment":"scroll","background-type":"","background-media":"","overlay-type":"","overlay-color":"","overlay-opacity":"","overlay-gradient":""}},"footnotes":""},"class_list":["post-2013","page","type-page","status-publish","hentry"],"_links":{"self":[{"href":"https:\/\/alineamientoenergetico.com\/fr\/wp-json\/wp\/v2\/pages\/2013","targetHints":{"allow":["GET"]}}],"collection":[{"href":"https:\/\/alineamientoenergetico.com\/fr\/wp-json\/wp\/v2\/pages"}],"about":[{"href":"https:\/\/alineamientoenergetico.com\/fr\/wp-json\/wp\/v2\/types\/page"}],"author":[{"embeddable":true,"href":"https:\/\/alineamientoenergetico.com\/fr\/wp-json\/wp\/v2\/users\/1"}],"replies":[{"embeddable":true,"href":"https:\/\/alineamientoenergetico.com\/fr\/wp-json\/wp\/v2\/comments?post=2013"}],"version-history":[{"count":3,"href":"https:\/\/alineamientoenergetico.com\/fr\/wp-json\/wp\/v2\/pages\/2013\/revisions"}],"predecessor-version":[{"id":2016,"href":"https:\/\/alineamientoenergetico.com\/fr\/wp-json\/wp\/v2\/pages\/2013\/revisions\/2016"}],"wp:attachment":[{"href":"https:\/\/alineamientoenergetico.com\/fr\/wp-json\/wp\/v2\/media?parent=2013"}],"curies":[{"name":"wp","href":"https:\/\/api.w.org\/{rel}","templated":true}]}}