{"id":1817,"date":"2020-04-22T14:51:32","date_gmt":"2020-04-22T14:51:32","guid":{"rendered":"https:\/\/alineamientoenergetico.com\/fr\/?page_id=1817"},"modified":"2020-04-27T20:59:52","modified_gmt":"2020-04-27T18:59:52","slug":"alignement","status":"publish","type":"page","link":"https:\/\/alineamientoenergetico.com\/fr\/alignement\/","title":{"rendered":"Alignement"},"content":{"rendered":"\t\t<div data-elementor-type=\"wp-post\" data-elementor-id=\"1817\" class=\"elementor elementor-1817\">\n\t\t\t\t\t\t<section class=\"elementor-section elementor-top-section elementor-element elementor-element-79a1f270 elementor-section-stretched elementor-section-full_width elementor-section-height-default elementor-section-height-default\" data-id=\"79a1f270\" data-element_type=\"section\" data-e-type=\"section\" data-settings=\"{&quot;stretch_section&quot;:&quot;section-stretched&quot;,&quot;background_background&quot;:&quot;classic&quot;}\">\n\t\t\t\t\t\t\t<div class=\"elementor-background-overlay\"><\/div>\n\t\t\t\t\t\t\t<div class=\"elementor-container elementor-column-gap-default\">\n\t\t\t\t\t<div class=\"elementor-column elementor-col-100 elementor-top-column elementor-element elementor-element-ce20652\" data-id=\"ce20652\" data-element_type=\"column\" data-e-type=\"column\">\n\t\t\t<div class=\"elementor-widget-wrap elementor-element-populated\">\n\t\t\t\t\t\t<div class=\"elementor-element elementor-element-704c4d57 elementor-widget elementor-widget-text-editor\" data-id=\"704c4d57\" data-element_type=\"widget\" data-e-type=\"widget\" data-widget_type=\"text-editor.default\">\n\t\t\t\t<div class=\"elementor-widget-container\">\n\t\t\t\t\t\t\t\t\t<p>Alignement<\/p>\t\t\t\t\t\t\t\t<\/div>\n\t\t\t\t<\/div>\n\t\t\t\t\t<\/div>\n\t\t<\/div>\n\t\t\t\t\t<\/div>\n\t\t<\/section>\n\t\t\t\t<section class=\"elementor-section elementor-top-section elementor-element elementor-element-3fd424a elementor-section-boxed elementor-section-height-default elementor-section-height-default\" data-id=\"3fd424a\" data-element_type=\"section\" data-e-type=\"section\">\n\t\t\t\t\t\t<div class=\"elementor-container elementor-column-gap-default\">\n\t\t\t\t\t<div class=\"elementor-column elementor-col-100 elementor-top-column elementor-element elementor-element-cde2c82\" data-id=\"cde2c82\" data-element_type=\"column\" data-e-type=\"column\">\n\t\t\t<div class=\"elementor-widget-wrap elementor-element-populated\">\n\t\t\t\t\t\t<div class=\"elementor-element elementor-element-e2ea69d elementor-grid-eael-col-3 elementor-grid-tablet-eael-col-2 elementor-grid-mobile-eael-col-1 elementor-widget elementor-widget-eael-post-grid\" data-id=\"e2ea69d\" data-element_type=\"widget\" data-e-type=\"widget\" data-settings=\"{&quot;eael_post_grid_columns&quot;:&quot;eael-col-3&quot;,&quot;eael_post_grid_columns_tablet&quot;:&quot;eael-col-2&quot;,&quot;eael_post_grid_columns_mobile&quot;:&quot;eael-col-1&quot;}\" data-widget_type=\"eael-post-grid.default\">\n\t\t\t\t<div class=\"elementor-widget-container\">\n\t\t\t\t\t<div id=\"eael-post-grid-e2ea69d\" class=\"eael-post-grid-container\">\n            <div class=\"eael-post-grid eael-post-appender eael-post-appender-e2ea69d eael-post-grid-style-one\" data-layout-mode=\"masonry\"><article class=\"eael-grid-post  eael-post-grid-column eael-pg-post-2818 category-alignement tags-alchimie-alignement-energetique-2-amour-de-soi-coach-systemique-conscience-constellation-familiale-feu-sacre-logique-or-vert-psychologues-science-spiritualite-therapeutes-transmutation\" data-id=\"2818\">\n        <div class=\"eael-grid-post-holder\">\n            <div class=\"eael-grid-post-holder-inner\"><div class=\"eael-entry-media\"><div class=\"eael-entry-overlay fade-in\"><i class=\"fas fa-long-arrow-alt-right\" aria-hidden=\"true\"><\/i><a href=\"https:\/\/alineamientoenergetico.com\/fr\/formation-feuilles-dor-integration-strategique-des-feuilles-dor\/\"><\/a><\/div><div class=\"eael-entry-thumbnail \">\n                <img decoding=\"async\" width=\"150\" height=\"150\" src=\"https:\/\/alineamientoenergetico.com\/fr\/wp-content\/uploads\/2024\/05\/oiseaux-qui-senvolent-150x150.jpg\" class=\"attachment-thumbnail size-thumbnail wp-image-2814\" alt=\"\" \/>\n            <\/div>\n        <\/div><div class=\"eael-entry-wrapper\"><header class=\"eael-entry-header\"><h2 class=\"eael-entry-title\"><a class=\"eael-grid-post-link\" href=\"https:\/\/alineamientoenergetico.com\/fr\/formation-feuilles-dor-integration-strategique-des-feuilles-dor\/\" title=\"Formation Feuilles d&rsquo;Or &#8211; Coaching strat\u00e9gique et intuitif\">Formation Feuilles d&rsquo;Or &#8211; Coaching strat\u00e9gique et intuitif<\/a><\/h2><\/header><div class=\"eael-entry-content\">\n                        <div class=\"eael-grid-post-excerpt\"><p>Voici une vid\u00e9o d&rsquo;introduction \u00e0 la formation (choisir les sous-titres en fran\u00e7ais): Formation Int\u00e9gration strat\u00e9gique des feuilles d&rsquo;or Objectif &#8211; Qui peut participer? &#8211; Programme &#8211; D\u00e9finition &#8211; Informations pratiques...<\/p><\/div>\n                    <\/div><\/div><\/div>\n        <\/div>\n    <\/article><article class=\"eael-grid-post  eael-post-grid-column eael-pg-post-2272 category-activites-alignement\" data-id=\"2272\">\n        <div class=\"eael-grid-post-holder\">\n            <div class=\"eael-grid-post-holder-inner\"><div class=\"eael-entry-media\"><div class=\"eael-entry-overlay fade-in\"><i class=\"fas fa-long-arrow-alt-right\" aria-hidden=\"true\"><\/i><a href=\"https:\/\/alineamientoenergetico.com\/fr\/synapsis-comment-se-liberer-dune-situation-recurrente\/\"><\/a><\/div><div class=\"eael-entry-thumbnail \">\n                <img decoding=\"async\" width=\"150\" height=\"150\" src=\"https:\/\/alineamientoenergetico.com\/fr\/wp-content\/uploads\/2021\/02\/synapsis-lion-150x150.jpg\" class=\"attachment-thumbnail size-thumbnail wp-image-2287\" alt=\"\" \/>\n            <\/div>\n        <\/div><div class=\"eael-entry-wrapper\"><header class=\"eael-entry-header\"><h2 class=\"eael-entry-title\"><a class=\"eael-grid-post-link\" href=\"https:\/\/alineamientoenergetico.com\/fr\/synapsis-comment-se-liberer-dune-situation-recurrente\/\" title=\"SYNAPSIS: SE LIB\u00c9RER D&rsquo;UNE SITUATION R\u00c9CURRENTE\">SYNAPSIS: SE LIB\u00c9RER D&rsquo;UNE SITUATION R\u00c9CURRENTE<\/a><\/h2><\/header><div class=\"eael-entry-content\">\n                        <div class=\"eael-grid-post-excerpt\"><p>Vous vivez une situation qui a tendance \u00e0 se r\u00e9p\u00e9ter et ne savez pas pourquoi ni comment l\u2019arr\u00eater\u00a0? Alquimia vous propose d&rsquo;exp\u00e9rimenter une nouvelle m\u00e9thode appel\u00e9e SYNAPSIS. Il s\u2019agit d\u2019un...<\/p><\/div>\n                    <\/div><\/div><\/div>\n        <\/div>\n    <\/article><article class=\"eael-grid-post  eael-post-grid-column eael-pg-post-2036 category-activites-alignement\" data-id=\"2036\">\n        <div class=\"eael-grid-post-holder\">\n            <div class=\"eael-grid-post-holder-inner\"><div class=\"eael-entry-media\"><div class=\"eael-entry-overlay fade-in\"><i class=\"fas fa-long-arrow-alt-right\" aria-hidden=\"true\"><\/i><a href=\"https:\/\/alineamientoenergetico.com\/fr\/canalisation-guidance-spirituelle-fr\/\"><\/a><\/div><div class=\"eael-entry-thumbnail \">\n                <img decoding=\"async\" width=\"150\" height=\"150\" src=\"https:\/\/alineamientoenergetico.com\/fr\/wp-content\/uploads\/2020\/06\/canalisation-chemin-de-vie-150x150.jpg\" class=\"attachment-thumbnail size-thumbnail wp-image-2044\" alt=\"\" \/>\n            <\/div>\n        <\/div><div class=\"eael-entry-wrapper\"><header class=\"eael-entry-header\"><h2 class=\"eael-entry-title\"><a class=\"eael-grid-post-link\" href=\"https:\/\/alineamientoenergetico.com\/fr\/canalisation-guidance-spirituelle-fr\/\" title=\"Canalisation &#8211; Guidance Spirituelle &#8211;  Mei Samarra\">Canalisation &#8211; Guidance Spirituelle &#8211;  Mei Samarra<\/a><\/h2><\/header><div class=\"eael-entry-content\">\n                        <div class=\"eael-grid-post-excerpt\"><p>Mei Samarra, connect\u00e9e \u00e0 nos guides spirituels, effectue une s\u00e9ance de canalisation de guidance. En connexion avec nos gardiens spirituels, elle se positionne comme vecteur de transmission de messages (\u00ab\u00a0mes_sages\u00a0\u00bb)...<\/p><\/div>\n                    <\/div><\/div><\/div>\n        <\/div>\n    <\/article><article class=\"eael-grid-post  eael-post-grid-column eael-pg-post-1337 category-alignement\" data-id=\"1337\">\n        <div class=\"eael-grid-post-holder\">\n            <div class=\"eael-grid-post-holder-inner\"><div class=\"eael-entry-media\"><div class=\"eael-entry-overlay fade-in\"><i class=\"fas fa-long-arrow-alt-right\" aria-hidden=\"true\"><\/i><a href=\"https:\/\/alineamientoenergetico.com\/fr\/formation-alignement-energetique-or-vert-paris-2023\/\"><\/a><\/div><div class=\"eael-entry-thumbnail \">\n                <img loading=\"lazy\" decoding=\"async\" width=\"150\" height=\"150\" src=\"https:\/\/alineamientoenergetico.com\/fr\/wp-content\/uploads\/2020\/04\/ouro-verde-alignement-energetique-alquimia-150x150.jpg\" class=\"attachment-thumbnail size-thumbnail wp-image-1885\" alt=\"ouro-verde-alignement-energetique-alquimia\" \/>\n            <\/div>\n        <\/div><div class=\"eael-entry-wrapper\"><header class=\"eael-entry-header\"><h2 class=\"eael-entry-title\"><a class=\"eael-grid-post-link\" href=\"https:\/\/alineamientoenergetico.com\/fr\/formation-alignement-energetique-or-vert-paris-2023\/\" title=\"Formation &#8211; Alignement Energ\u00e9tique Or Vert &#8211; Lausanne \u2013 2024\">Formation &#8211; Alignement Energ\u00e9tique Or Vert &#8211; Lausanne \u2013 2024<\/a><\/h2><\/header><div class=\"eael-entry-content\">\n                        <div class=\"eael-grid-post-excerpt\"><p>Voici une vid\u00e9o d&rsquo;introduction \u00e0 la formation : https:\/\/youtu.be\/qNpLfnhhUD0 Objectif &#8211; Qui peut participer? &#8211; Programme &#8211; D\u00e9finition &#8211; Informations pratiques &#8211; Feedbacks Dates de la prochaine formation intensive \u00e0...<\/p><\/div>\n                    <\/div><\/div><\/div>\n        <\/div>\n    <\/article><article class=\"eael-grid-post  eael-post-grid-column eael-pg-post-1289 category-alignement-chamanisme\" data-id=\"1289\">\n        <div class=\"eael-grid-post-holder\">\n            <div class=\"eael-grid-post-holder-inner\"><div class=\"eael-entry-media\"><div class=\"eael-entry-overlay fade-in\"><i class=\"fas fa-long-arrow-alt-right\" aria-hidden=\"true\"><\/i><a href=\"https:\/\/alineamientoenergetico.com\/fr\/alignement-energetique-en-europe\/\"><\/a><\/div><div class=\"eael-entry-thumbnail \">\n                <img loading=\"lazy\" decoding=\"async\" width=\"150\" height=\"150\" src=\"https:\/\/alineamientoenergetico.com\/fr\/wp-content\/uploads\/2020\/10\/wind-rose-1209398_1920-150x150.jpg\" class=\"attachment-thumbnail size-thumbnail wp-image-2098\" alt=\"\" \/>\n            <\/div>\n        <\/div><div class=\"eael-entry-wrapper\"><header class=\"eael-entry-header\"><h2 class=\"eael-entry-title\"><a class=\"eael-grid-post-link\" href=\"https:\/\/alineamientoenergetico.com\/fr\/alignement-energetique-en-europe\/\" title=\"S\u00e9ances d&rsquo;alignement \u00e9nerg\u00e9tique Or Vert \u2013 2025\">S\u00e9ances d&rsquo;alignement \u00e9nerg\u00e9tique Or Vert \u2013 2025<\/a><\/h2><\/header><div class=\"eael-entry-content\">\n                        <div class=\"eael-grid-post-excerpt\"><p>Les consultations individuelles organis\u00e9es par Alquimia sont effectu\u00e9es par la cr\u00e9atrice de la technique d&rsquo;alignement \u00e9nerg\u00e9tique Or Vert, D\u00e9sir\u00e9e Oliveira et la co-cr\u00e9atrice de la formation et professeur de la...<\/p><\/div>\n                    <\/div><\/div><\/div>\n        <\/div>\n    <\/article><article class=\"eael-grid-post  eael-post-grid-column eael-pg-post-2080 category-alignement\" data-id=\"2080\">\n        <div class=\"eael-grid-post-holder\">\n            <div class=\"eael-grid-post-holder-inner\"><div class=\"eael-entry-media\"><div class=\"eael-entry-overlay fade-in\"><i class=\"fas fa-long-arrow-alt-right\" aria-hidden=\"true\"><\/i><a href=\"https:\/\/alineamientoenergetico.com\/fr\/atelier_canalisation\/\"><\/a><\/div><div class=\"eael-entry-thumbnail \">\n                <img loading=\"lazy\" decoding=\"async\" width=\"150\" height=\"150\" src=\"https:\/\/alineamientoenergetico.com\/fr\/wp-content\/uploads\/2020\/10\/intuition-mind-2-150x150.jpg\" class=\"attachment-thumbnail size-thumbnail wp-image-2090\" alt=\"\" \/>\n            <\/div>\n        <\/div><div class=\"eael-entry-wrapper\"><header class=\"eael-entry-header\"><h2 class=\"eael-entry-title\"><a class=\"eael-grid-post-link\" href=\"https:\/\/alineamientoenergetico.com\/fr\/atelier_canalisation\/\" title=\"Formation: Apprendre \u00e0 canaliser &#8211; Un outil accessible \u00e0 tous &#8211;  Mei Samarra\">Formation: Apprendre \u00e0 canaliser &#8211; Un outil accessible \u00e0 tous &#8211;  Mei Samarra<\/a><\/h2><\/header><div class=\"eael-entry-content\">\n                        <div class=\"eael-grid-post-excerpt\"><p>Comment ouvrir nos perspectives et notre vision pour mieux percevoir une r\u00e9alit\u00e9 plus empathique, solidaire et connect\u00e9 \u00e0 notre essence ? Percevoir des messages de \u00ab\u00a0mes..sages\u00a0\u00bb qui soit bons pour...<\/p><\/div>\n                    <\/div><\/div><\/div>\n        <\/div>\n    <\/article><article class=\"eael-grid-post  eael-post-grid-column eael-pg-post-1303 category-alignement\" data-id=\"1303\">\n        <div class=\"eael-grid-post-holder\">\n            <div class=\"eael-grid-post-holder-inner\"><div class=\"eael-entry-media\"><div class=\"eael-entry-overlay fade-in\"><i class=\"fas fa-long-arrow-alt-right\" aria-hidden=\"true\"><\/i><a href=\"https:\/\/alineamientoenergetico.com\/fr\/therapie-transdimensionnelle\/\"><\/a><\/div><div class=\"eael-entry-thumbnail \">\n                <img loading=\"lazy\" decoding=\"async\" width=\"150\" height=\"150\" src=\"https:\/\/alineamientoenergetico.com\/fr\/wp-content\/uploads\/2020\/04\/terapia-transdimensional-150x150.jpg\" class=\"attachment-thumbnail size-thumbnail wp-image-1495\" alt=\"\" srcset=\"https:\/\/alineamientoenergetico.com\/fr\/wp-content\/uploads\/2020\/04\/terapia-transdimensional-150x150.jpg 150w, https:\/\/alineamientoenergetico.com\/fr\/wp-content\/uploads\/2020\/04\/terapia-transdimensional.jpg 160w\" sizes=\"(max-width: 150px) 100vw, 150px\" \/>\n            <\/div>\n        <\/div><div class=\"eael-entry-wrapper\"><header class=\"eael-entry-header\"><h2 class=\"eael-entry-title\"><a class=\"eael-grid-post-link\" href=\"https:\/\/alineamientoenergetico.com\/fr\/therapie-transdimensionnelle\/\" title=\"Th\u00e9rapie Transdimensionnelle\">Th\u00e9rapie Transdimensionnelle<\/a><\/h2><\/header><div class=\"eael-entry-content\">\n                        <div class=\"eael-grid-post-excerpt\"><p>De quoi s\u2019agit-il:Modalit\u00e9 de la technique d&rsquo;alignement \u00e9nerg\u00e9tique Fogo Sagrado (Feu Sacr\u00e9), la th\u00e9rapie transdimensionnelle permet \u00e0 un client d&rsquo;observer la manifestation de ses diff\u00e9rents contenus \u00e9motionnels interagissant les uns...<\/p><\/div>\n                    <\/div><\/div><\/div>\n        <\/div>\n    <\/article><article class=\"eael-grid-post  eael-post-grid-column eael-pg-post-1309 category-alignement\" data-id=\"1309\">\n        <div class=\"eael-grid-post-holder\">\n            <div class=\"eael-grid-post-holder-inner\"><div class=\"eael-entry-media\"><div class=\"eael-entry-overlay fade-in\"><i class=\"fas fa-long-arrow-alt-right\" aria-hidden=\"true\"><\/i><a href=\"https:\/\/alineamientoenergetico.com\/fr\/exemple-dune-seance-dalchimie-energetique-a-distance\/\"><\/a><\/div><div class=\"eael-entry-thumbnail \">\n                <img loading=\"lazy\" decoding=\"async\" width=\"150\" height=\"150\" src=\"https:\/\/alineamientoenergetico.com\/fr\/wp-content\/uploads\/2020\/04\/logo-ouro-verde-150x150.png\" class=\"attachment-thumbnail size-thumbnail wp-image-1493\" alt=\"\" \/>\n            <\/div>\n        <\/div><div class=\"eael-entry-wrapper\"><header class=\"eael-entry-header\"><h2 class=\"eael-entry-title\"><a class=\"eael-grid-post-link\" href=\"https:\/\/alineamientoenergetico.com\/fr\/exemple-dune-seance-dalchimie-energetique-a-distance\/\" title=\"Exemple d&rsquo;une s\u00e9ance d&rsquo;alignement \u00e9nerg\u00e9tique Or Vert \u00e0 distance\">Exemple d&rsquo;une s\u00e9ance d&rsquo;alignement \u00e9nerg\u00e9tique Or Vert \u00e0 distance<\/a><\/h2><\/header><div class=\"eael-entry-content\">\n                        <div class=\"eael-grid-post-excerpt\"><p>ALIGNEMENT ENERG\u00c9TIQUE OR VERT \u2013 EXEMPLE D\u2019UN SOINNom du Client \u2013 Mme Maria &#8211; 26 ansLECTURE \u00c9NERG\u00c9TIQUEIMAGE SYMBOLIQUE \u2013 Vous apparaissez en train de skier et faisant des man\u0153uvres bien...<\/p><\/div>\n                    <\/div><\/div><\/div>\n        <\/div>\n    <\/article><article class=\"eael-grid-post  eael-post-grid-column eael-pg-post-1264 category-alignement\" data-id=\"1264\">\n        <div class=\"eael-grid-post-holder\">\n            <div class=\"eael-grid-post-holder-inner\"><div class=\"eael-entry-media\"><div class=\"eael-entry-overlay fade-in\"><i class=\"fas fa-long-arrow-alt-right\" aria-hidden=\"true\"><\/i><a href=\"https:\/\/alineamientoenergetico.com\/fr\/recit-dune-seance-dalignement-energetique-feu-sacre\/\"><\/a><\/div><div class=\"eael-entry-thumbnail \">\n                <img loading=\"lazy\" decoding=\"async\" width=\"150\" height=\"150\" src=\"https:\/\/alineamientoenergetico.com\/fr\/wp-content\/uploads\/2020\/04\/monica-oliveira-groupe-150x150.jpg\" class=\"attachment-thumbnail size-thumbnail wp-image-1524\" alt=\"\" \/>\n            <\/div>\n        <\/div><div class=\"eael-entry-wrapper\"><header class=\"eael-entry-header\"><h2 class=\"eael-entry-title\"><a class=\"eael-grid-post-link\" href=\"https:\/\/alineamientoenergetico.com\/fr\/recit-dune-seance-dalignement-energetique-feu-sacre\/\" title=\"R\u00e9cit d&rsquo;une s\u00e9ance d&rsquo;alignement \u00e9nerg\u00e9tique Feu Sacr\u00e9\">R\u00e9cit d&rsquo;une s\u00e9ance d&rsquo;alignement \u00e9nerg\u00e9tique Feu Sacr\u00e9<\/a><\/h2><\/header><div class=\"eael-entry-content\">\n                        <div class=\"eael-grid-post-excerpt\"><p>R\u00e9cit d&rsquo;une s\u00e9ance d&rsquo;alignement \u00e9nerg\u00e9tique Feu Sacr\u00e9Par Monica Oliveira (Br\u00e9sil), cr\u00e9atrice de la technique Feu Sacr\u00e9. Une femme d\u2019une quarantaine d\u2019ann\u00e9e, m\u00e8re de 3 enfants est venu un jour effectuer...<\/p><\/div>\n                    <\/div><\/div><\/div>\n        <\/div>\n    <\/article><article class=\"eael-grid-post  eael-post-grid-column eael-pg-post-1247 category-alignement\" data-id=\"1247\">\n        <div class=\"eael-grid-post-holder\">\n            <div class=\"eael-grid-post-holder-inner\"><div class=\"eael-entry-media\"><div class=\"eael-entry-overlay fade-in\"><i class=\"fas fa-long-arrow-alt-right\" aria-hidden=\"true\"><\/i><a href=\"https:\/\/alineamientoenergetico.com\/fr\/exemple-soin-alignement-energetique-or-vert\/\"><\/a><\/div><div class=\"eael-entry-thumbnail \">\n                <img loading=\"lazy\" decoding=\"async\" width=\"150\" height=\"150\" src=\"https:\/\/alineamientoenergetico.com\/fr\/wp-content\/uploads\/2020\/04\/mei-samarra-garcia-150x150.jpg\" class=\"attachment-thumbnail size-thumbnail wp-image-1472\" alt=\"\" \/>\n            <\/div>\n        <\/div><div class=\"eael-entry-wrapper\"><header class=\"eael-entry-header\"><h2 class=\"eael-entry-title\"><a class=\"eael-grid-post-link\" href=\"https:\/\/alineamientoenergetico.com\/fr\/exemple-soin-alignement-energetique-or-vert\/\" title=\"Exemple d&rsquo;un Soin d&rsquo;alignement \u00e9nerg\u00e9tique Or Vert\">Exemple d&rsquo;un Soin d&rsquo;alignement \u00e9nerg\u00e9tique Or Vert<\/a><\/h2><\/header><div class=\"eael-entry-content\">\n                        <div class=\"eael-grid-post-excerpt\"><p>Soin effectu\u00e9 par Mei Samarra lors d&rsquo;une roue de m\u00e9decine en Octobre 2016Cliente: C.LECTURE DU CHAMPS \u00c9NERG\u00c9TIQUE ET PERCEPTIONS DE MEI DE LA CLIENTE C. : Ton champ \u00e9nerg\u00e9tique est...<\/p><\/div>\n                    <\/div><\/div><\/div>\n        <\/div>\n    <\/article><article class=\"eael-grid-post  eael-post-grid-column eael-pg-post-1977 category-alignement tags-alignement-energetique-but-dans-la-vie-chamanisme-leticia-tui-mission-de-vie-synapsis-trouver-notre-but\" data-id=\"1977\">\n        <div class=\"eael-grid-post-holder\">\n            <div class=\"eael-grid-post-holder-inner\"><div class=\"eael-entry-media\"><div class=\"eael-entry-overlay fade-in\"><i class=\"fas fa-long-arrow-alt-right\" aria-hidden=\"true\"><\/i><a href=\"https:\/\/alineamientoenergetico.com\/fr\/atelier-trouver-notre-but-dans-la-vie\/\"><\/a><\/div><div class=\"eael-entry-thumbnail \">\n                <img loading=\"lazy\" decoding=\"async\" width=\"150\" height=\"150\" src=\"https:\/\/alineamientoenergetico.com\/fr\/wp-content\/uploads\/2020\/05\/leticia-Tui-150x150.jpeg\" class=\"attachment-thumbnail size-thumbnail wp-image-1983\" alt=\"\" \/>\n            <\/div>\n        <\/div><div class=\"eael-entry-wrapper\"><header class=\"eael-entry-header\"><h2 class=\"eael-entry-title\"><a class=\"eael-grid-post-link\" href=\"https:\/\/alineamientoenergetico.com\/fr\/atelier-trouver-notre-but-dans-la-vie\/\" title=\"Atelier &#8211; Trouver notre but dans la Vie &#8211; Leticia Tui\">Atelier &#8211; Trouver notre but dans la Vie &#8211; Leticia Tui<\/a><\/h2><\/header><div class=\"eael-entry-content\">\n                        <div class=\"eael-grid-post-excerpt\"><p>Comment choisissez-vous traverser par ce processus de restructuration de la soci\u00e9t\u00e9&nbsp;? Comment affrontez-vous votre vie face \u00e0 cet \u00e9v\u00e9nement de coronavirus?&nbsp; Qui voulez-vous \u00eatre au sein de ce chaos? Quel...<\/p><\/div>\n                    <\/div><\/div><\/div>\n        <\/div>\n    <\/article><\/div>\n            <div class=\"clearfix\"><\/div>\n        <\/div>\t\t\t\t<\/div>\n\t\t\t\t<\/div>\n\t\t\t\t\t<\/div>\n\t\t<\/div>\n\t\t\t\t\t<\/div>\n\t\t<\/section>\n\t\t\t\t<\/div>\n\t\t","protected":false},"excerpt":{"rendered":"<p>Alignement Roue de m\u00e9decine or vert &#8211; d\u00e9sir\u00e9e oliveira D\u00e9finition : Les roues de m\u00e9decine sont des \u00ab&nbsp;cercles sacr\u00e9s&nbsp;\u00bb dont le but est d\u2019\u00e9lever nos \u00e9nergies, nos pens\u00e9es, laissant venir l\u2019inspiration intuitive, les d\u00e9sirs profonds et r\u00e9els de notre&#8230; Roue de medecine et Alignement \u00c9nerg\u00e9tique La roue de m\u00e9decine est un travail collectif bas\u00e9 sur le travail de l\u2019alignement \u00e9nerg\u00e9tique Or Vert. Organis\u00e9 environ une fois par mois, il traite de th\u00e8mes diff\u00e9rents et permet&#8230;\u2026<\/p>\n","protected":false},"author":1,"featured_media":0,"parent":0,"menu_order":0,"comment_status":"closed","ping_status":"closed","template":"","meta":{"site-sidebar-layout":"no-sidebar","site-content-layout":"page-builder","ast-site-content-layout":"default","site-content-style":"default","site-sidebar-style":"default","ast-global-header-display":"","ast-banner-title-visibility":"","ast-main-header-display":"","ast-hfb-above-header-display":"","ast-hfb-below-header-display":"","ast-hfb-mobile-header-display":"","site-post-title":"disabled","ast-breadcrumbs-content":"","ast-featured-img":"disabled","footer-sml-layout":"","ast-disable-related-posts":"","theme-transparent-header-meta":"default","adv-header-id-meta":"","stick-header-meta":"","header-above-stick-meta":"","header-main-stick-meta":"","header-below-stick-meta":"","astra-migrate-meta-layouts":"default","ast-page-background-enabled":"default","ast-page-background-meta":{"desktop":{"background-color":"","background-image":"","background-repeat":"repeat","background-position":"center center","background-size":"auto","background-attachment":"scroll","background-type":"","background-media":"","overlay-type":"","overlay-color":"","overlay-opacity":"","overlay-gradient":""},"tablet":{"background-color":"","background-image":"","background-repeat":"repeat","background-position":"center center","background-size":"auto","background-attachment":"scroll","background-type":"","background-media":"","overlay-type":"","overlay-color":"","overlay-opacity":"","overlay-gradient":""},"mobile":{"background-color":"","background-image":"","background-repeat":"repeat","background-position":"center center","background-size":"auto","background-attachment":"scroll","background-type":"","background-media":"","overlay-type":"","overlay-color":"","overlay-opacity":"","overlay-gradient":""}},"ast-content-background-meta":{"desktop":{"background-color":"var(--ast-global-color-5)","background-image":"","background-repeat":"repeat","background-position":"center center","background-size":"auto","background-attachment":"scroll","background-type":"","background-media":"","overlay-type":"","overlay-color":"","overlay-opacity":"","overlay-gradient":""},"tablet":{"background-color":"var(--ast-global-color-5)","background-image":"","background-repeat":"repeat","background-position":"center center","background-size":"auto","background-attachment":"scroll","background-type":"","background-media":"","overlay-type":"","overlay-color":"","overlay-opacity":"","overlay-gradient":""},"mobile":{"background-color":"var(--ast-global-color-5)","background-image":"","background-repeat":"repeat","background-position":"center center","background-size":"auto","background-attachment":"scroll","background-type":"","background-media":"","overlay-type":"","overlay-color":"","overlay-opacity":"","overlay-gradient":""}},"footnotes":""},"class_list":["post-1817","page","type-page","status-publish","hentry"],"_links":{"self":[{"href":"https:\/\/alineamientoenergetico.com\/fr\/wp-json\/wp\/v2\/pages\/1817","targetHints":{"allow":["GET"]}}],"collection":[{"href":"https:\/\/alineamientoenergetico.com\/fr\/wp-json\/wp\/v2\/pages"}],"about":[{"href":"https:\/\/alineamientoenergetico.com\/fr\/wp-json\/wp\/v2\/types\/page"}],"author":[{"embeddable":true,"href":"https:\/\/alineamientoenergetico.com\/fr\/wp-json\/wp\/v2\/users\/1"}],"replies":[{"embeddable":true,"href":"https:\/\/alineamientoenergetico.com\/fr\/wp-json\/wp\/v2\/comments?post=1817"}],"version-history":[{"count":9,"href":"https:\/\/alineamientoenergetico.com\/fr\/wp-json\/wp\/v2\/pages\/1817\/revisions"}],"predecessor-version":[{"id":1892,"href":"https:\/\/alineamientoenergetico.com\/fr\/wp-json\/wp\/v2\/pages\/1817\/revisions\/1892"}],"wp:attachment":[{"href":"https:\/\/alineamientoenergetico.com\/fr\/wp-json\/wp\/v2\/media?parent=1817"}],"curies":[{"name":"wp","href":"https:\/\/api.w.org\/{rel}","templated":true}]}}