{"id":1791,"date":"2020-04-22T14:10:00","date_gmt":"2020-04-22T14:10:00","guid":{"rendered":"https:\/\/alineamientoenergetico.com\/fr\/?page_id=1791"},"modified":"2020-04-27T20:58:19","modified_gmt":"2020-04-27T18:58:19","slug":"chamanisme","status":"publish","type":"page","link":"https:\/\/alineamientoenergetico.com\/fr\/chamanisme\/","title":{"rendered":"Chamanisme"},"content":{"rendered":"\t\t<div data-elementor-type=\"wp-post\" data-elementor-id=\"1791\" class=\"elementor elementor-1791\">\n\t\t\t\t\t\t<section class=\"elementor-section elementor-top-section elementor-element elementor-element-69dbaf5c elementor-section-stretched elementor-section-full_width elementor-section-height-default elementor-section-height-default\" data-id=\"69dbaf5c\" data-element_type=\"section\" data-e-type=\"section\" data-settings=\"{&quot;stretch_section&quot;:&quot;section-stretched&quot;,&quot;background_background&quot;:&quot;classic&quot;}\">\n\t\t\t\t\t\t\t<div class=\"elementor-background-overlay\"><\/div>\n\t\t\t\t\t\t\t<div class=\"elementor-container elementor-column-gap-default\">\n\t\t\t\t\t<div class=\"elementor-column elementor-col-100 elementor-top-column elementor-element elementor-element-4489ea5d\" data-id=\"4489ea5d\" data-element_type=\"column\" data-e-type=\"column\">\n\t\t\t<div class=\"elementor-widget-wrap elementor-element-populated\">\n\t\t\t\t\t\t<div class=\"elementor-element elementor-element-78cfd873 elementor-widget elementor-widget-text-editor\" data-id=\"78cfd873\" data-element_type=\"widget\" data-e-type=\"widget\" data-widget_type=\"text-editor.default\">\n\t\t\t\t<div class=\"elementor-widget-container\">\n\t\t\t\t\t\t\t\t\t<p>Chamanisme<\/p>\t\t\t\t\t\t\t\t<\/div>\n\t\t\t\t<\/div>\n\t\t\t\t\t<\/div>\n\t\t<\/div>\n\t\t\t\t\t<\/div>\n\t\t<\/section>\n\t\t\t\t<section class=\"elementor-section elementor-top-section elementor-element elementor-element-3fd424a elementor-section-boxed elementor-section-height-default elementor-section-height-default\" data-id=\"3fd424a\" data-element_type=\"section\" data-e-type=\"section\">\n\t\t\t\t\t\t<div class=\"elementor-container elementor-column-gap-default\">\n\t\t\t\t\t<div class=\"elementor-column elementor-col-100 elementor-top-column elementor-element elementor-element-cde2c82\" data-id=\"cde2c82\" data-element_type=\"column\" data-e-type=\"column\">\n\t\t\t<div class=\"elementor-widget-wrap elementor-element-populated\">\n\t\t\t\t\t\t<div class=\"elementor-element elementor-element-e2ea69d elementor-grid-eael-col-3 elementor-grid-tablet-eael-col-2 elementor-grid-mobile-eael-col-1 elementor-widget elementor-widget-eael-post-grid\" data-id=\"e2ea69d\" data-element_type=\"widget\" data-e-type=\"widget\" data-settings=\"{&quot;eael_post_grid_columns&quot;:&quot;eael-col-3&quot;,&quot;eael_post_grid_columns_tablet&quot;:&quot;eael-col-2&quot;,&quot;eael_post_grid_columns_mobile&quot;:&quot;eael-col-1&quot;}\" data-widget_type=\"eael-post-grid.default\">\n\t\t\t\t<div class=\"elementor-widget-container\">\n\t\t\t\t\t<div id=\"eael-post-grid-e2ea69d\" class=\"eael-post-grid-container\">\n            <div class=\"eael-post-grid eael-post-appender eael-post-appender-e2ea69d eael-post-grid-style-one\" data-layout-mode=\"masonry\"><article class=\"eael-grid-post  eael-post-grid-column eael-pg-post-1289 category-alignement-chamanisme\" data-id=\"1289\">\n        <div class=\"eael-grid-post-holder\">\n            <div class=\"eael-grid-post-holder-inner\"><div class=\"eael-entry-media\"><div class=\"eael-entry-overlay fade-in\"><i class=\"fas fa-long-arrow-alt-right\" aria-hidden=\"true\"><\/i><a href=\"https:\/\/alineamientoenergetico.com\/fr\/alignement-energetique-en-europe\/\"><\/a><\/div><div class=\"eael-entry-thumbnail \">\n                <img decoding=\"async\" width=\"150\" height=\"150\" src=\"https:\/\/alineamientoenergetico.com\/fr\/wp-content\/uploads\/2020\/10\/wind-rose-1209398_1920-150x150.jpg\" class=\"attachment-thumbnail size-thumbnail wp-image-2098\" alt=\"\" \/>\n            <\/div>\n        <\/div><div class=\"eael-entry-wrapper\"><header class=\"eael-entry-header\"><h2 class=\"eael-entry-title\"><a class=\"eael-grid-post-link\" href=\"https:\/\/alineamientoenergetico.com\/fr\/alignement-energetique-en-europe\/\" title=\"S\u00e9ances d&rsquo;alignement \u00e9nerg\u00e9tique Or Vert \u2013 2025\">S\u00e9ances d&rsquo;alignement \u00e9nerg\u00e9tique Or Vert \u2013 2025<\/a><\/h2><\/header><div class=\"eael-entry-content\">\n                        <div class=\"eael-grid-post-excerpt\"><p>Les consultations individuelles organis\u00e9es par Alquimia sont effectu\u00e9es par la cr\u00e9atrice de la technique d&rsquo;alignement \u00e9nerg\u00e9tique Or Vert, D\u00e9sir\u00e9e Oliveira et la co-cr\u00e9atrice de la formation et professeur de la...<\/p><\/div>\n                    <\/div><\/div><\/div>\n        <\/div>\n    <\/article><article class=\"eael-grid-post  eael-post-grid-column eael-pg-post-1369 category-chamanisme\" data-id=\"1369\">\n        <div class=\"eael-grid-post-holder\">\n            <div class=\"eael-grid-post-holder-inner\"><div class=\"eael-entry-media\"><div class=\"eael-entry-overlay fade-in\"><i class=\"fas fa-long-arrow-alt-right\" aria-hidden=\"true\"><\/i><a href=\"https:\/\/alineamientoenergetico.com\/fr\/consultation-individuelle-guerison-chamanique-et-nettoyage-du-champ-energetique\/\"><\/a><\/div><div class=\"eael-entry-thumbnail \">\n                <img decoding=\"async\" width=\"150\" height=\"150\" src=\"https:\/\/alineamientoenergetico.com\/fr\/wp-content\/uploads\/2020\/04\/tony-paixao-alineamiento-150x150.jpg\" class=\"attachment-thumbnail size-thumbnail wp-image-1209\" alt=\"\" \/>\n            <\/div>\n        <\/div><div class=\"eael-entry-wrapper\"><header class=\"eael-entry-header\"><h2 class=\"eael-entry-title\"><a class=\"eael-grid-post-link\" href=\"https:\/\/alineamientoenergetico.com\/fr\/consultation-individuelle-guerison-chamanique-et-nettoyage-du-champ-energetique\/\" title=\"Soin chamanique &#8211; nettoyage du champ \u00e9nerg\u00e9tique\">Soin chamanique &#8211; nettoyage du champ \u00e9nerg\u00e9tique<\/a><\/h2><\/header><div class=\"eael-entry-content\">\n                        <div class=\"eael-grid-post-excerpt\"><p>Consultations individuelles avec le chamane br\u00e9silien TONY PAIXAOInclus: 1 heure de massage \u00e9nerg\u00e9tique relaxant et de gu\u00e9rison chamanique sur table de massage. Particularit\u00e9s et b\u00e9n\u00e9fices :<\/p><\/div>\n                    <\/div><\/div><\/div>\n        <\/div>\n    <\/article><\/div>\n            <div class=\"clearfix\"><\/div>\n        <\/div>\t\t\t\t<\/div>\n\t\t\t\t<\/div>\n\t\t\t\t\t<\/div>\n\t\t<\/div>\n\t\t\t\t\t<\/div>\n\t\t<\/section>\n\t\t\t\t<\/div>\n\t\t","protected":false},"excerpt":{"rendered":"<p>Chamanisme Consultation individuelle: Gu\u00e9rison chamanique et nettoyage du champ \u00e9nerg\u00e9tique Consultations individuelles avec le chamane br\u00e9silien TONY PAIXAOInclus: 1 heure de massage \u00e9nerg\u00e9tique relaxant et de gu\u00e9rison chamanique sur table de massage. Particularit\u00e9s et b\u00e9n\u00e9fices : Harmonisation de nos centres&#8230; Formation \u00c0 la th\u00e9rapie chamanique avec Tony Paixao Tony Paixao &#8211; Formation Chamanisme et D\u00e9veloppement personnel\u2014CHEMIN ROUGE ET CHEMIN NATIF \u2013 CONNAISSANCE ANCESTRALELes enseignements de Tony Paixao sont conduits par les besoins du groupe et\u2026<\/p>\n","protected":false},"author":1,"featured_media":0,"parent":0,"menu_order":0,"comment_status":"closed","ping_status":"closed","template":"","meta":{"site-sidebar-layout":"no-sidebar","site-content-layout":"page-builder","ast-site-content-layout":"default","site-content-style":"default","site-sidebar-style":"default","ast-global-header-display":"","ast-banner-title-visibility":"","ast-main-header-display":"","ast-hfb-above-header-display":"","ast-hfb-below-header-display":"","ast-hfb-mobile-header-display":"","site-post-title":"disabled","ast-breadcrumbs-content":"","ast-featured-img":"disabled","footer-sml-layout":"","ast-disable-related-posts":"","theme-transparent-header-meta":"default","adv-header-id-meta":"","stick-header-meta":"","header-above-stick-meta":"","header-main-stick-meta":"","header-below-stick-meta":"","astra-migrate-meta-layouts":"default","ast-page-background-enabled":"default","ast-page-background-meta":{"desktop":{"background-color":"","background-image":"","background-repeat":"repeat","background-position":"center center","background-size":"auto","background-attachment":"scroll","background-type":"","background-media":"","overlay-type":"","overlay-color":"","overlay-opacity":"","overlay-gradient":""},"tablet":{"background-color":"","background-image":"","background-repeat":"repeat","background-position":"center center","background-size":"auto","background-attachment":"scroll","background-type":"","background-media":"","overlay-type":"","overlay-color":"","overlay-opacity":"","overlay-gradient":""},"mobile":{"background-color":"","background-image":"","background-repeat":"repeat","background-position":"center center","background-size":"auto","background-attachment":"scroll","background-type":"","background-media":"","overlay-type":"","overlay-color":"","overlay-opacity":"","overlay-gradient":""}},"ast-content-background-meta":{"desktop":{"background-color":"var(--ast-global-color-5)","background-image":"","background-repeat":"repeat","background-position":"center center","background-size":"auto","background-attachment":"scroll","background-type":"","background-media":"","overlay-type":"","overlay-color":"","overlay-opacity":"","overlay-gradient":""},"tablet":{"background-color":"var(--ast-global-color-5)","background-image":"","background-repeat":"repeat","background-position":"center center","background-size":"auto","background-attachment":"scroll","background-type":"","background-media":"","overlay-type":"","overlay-color":"","overlay-opacity":"","overlay-gradient":""},"mobile":{"background-color":"var(--ast-global-color-5)","background-image":"","background-repeat":"repeat","background-position":"center center","background-size":"auto","background-attachment":"scroll","background-type":"","background-media":"","overlay-type":"","overlay-color":"","overlay-opacity":"","overlay-gradient":""}},"footnotes":""},"class_list":["post-1791","page","type-page","status-publish","hentry"],"_links":{"self":[{"href":"https:\/\/alineamientoenergetico.com\/fr\/wp-json\/wp\/v2\/pages\/1791","targetHints":{"allow":["GET"]}}],"collection":[{"href":"https:\/\/alineamientoenergetico.com\/fr\/wp-json\/wp\/v2\/pages"}],"about":[{"href":"https:\/\/alineamientoenergetico.com\/fr\/wp-json\/wp\/v2\/types\/page"}],"author":[{"embeddable":true,"href":"https:\/\/alineamientoenergetico.com\/fr\/wp-json\/wp\/v2\/users\/1"}],"replies":[{"embeddable":true,"href":"https:\/\/alineamientoenergetico.com\/fr\/wp-json\/wp\/v2\/comments?post=1791"}],"version-history":[{"count":19,"href":"https:\/\/alineamientoenergetico.com\/fr\/wp-json\/wp\/v2\/pages\/1791\/revisions"}],"predecessor-version":[{"id":1891,"href":"https:\/\/alineamientoenergetico.com\/fr\/wp-json\/wp\/v2\/pages\/1791\/revisions\/1891"}],"wp:attachment":[{"href":"https:\/\/alineamientoenergetico.com\/fr\/wp-json\/wp\/v2\/media?parent=1791"}],"curies":[{"name":"wp","href":"https:\/\/api.w.org\/{rel}","templated":true}]}}