{"id":1692,"date":"2020-04-20T11:44:50","date_gmt":"2020-04-20T11:44:50","guid":{"rendered":"https:\/\/alineamientoenergetico.com\/fr\/?page_id=1692"},"modified":"2020-11-12T11:37:14","modified_gmt":"2020-11-12T10:37:14","slug":"desiree-oliveira","status":"publish","type":"page","link":"https:\/\/alineamientoenergetico.com\/fr\/desiree-oliveira\/","title":{"rendered":"desiree oliveira"},"content":{"rendered":"\t\t<div data-elementor-type=\"wp-page\" data-elementor-id=\"1692\" class=\"elementor elementor-1692\">\n\t\t\t\t\t\t<section class=\"elementor-section elementor-top-section elementor-element elementor-element-807ebda elementor-section-boxed elementor-section-height-default elementor-section-height-default\" data-id=\"807ebda\" data-element_type=\"section\" data-e-type=\"section\">\n\t\t\t\t\t\t<div class=\"elementor-container elementor-column-gap-default\">\n\t\t\t\t\t<div class=\"elementor-column elementor-col-66 elementor-top-column elementor-element elementor-element-bd09e60\" data-id=\"bd09e60\" data-element_type=\"column\" data-e-type=\"column\">\n\t\t\t<div class=\"elementor-widget-wrap elementor-element-populated\">\n\t\t\t\t\t\t<div class=\"elementor-element elementor-element-48fd514 elementor-widget elementor-widget-text-editor\" data-id=\"48fd514\" data-element_type=\"widget\" data-e-type=\"widget\" data-widget_type=\"text-editor.default\">\n\t\t\t\t<div class=\"elementor-widget-container\">\n\t\t\t\t\t\t\t\t\t<p style=\"text-align: justify;\">Chamane br\u00e9silienne D\u00e9sir\u00e9e Oliveira est actuellement <a href=\"https:\/\/alineamientoenergetico.com\/fr\/formation-alignement-energetique-or-vert-paris-2020\/\">professeur d&rsquo;alignement \u00e9nerg\u00e9tique &#8211; technique Or Vert<\/a> et Feu Sacr\u00e9 au Br\u00e9sil et en Europe. D\u00e9sir\u00e9e coordonne des groupes d&rsquo;\u00e9tudes pour les femmes et effectue des recherches sur les nouvelles formes d&rsquo;utilisation et d&rsquo;am\u00e9lioration de la technique Or Vert.<br \/>Dipl\u00f4m\u00e9 en Informatique, math\u00e9matique, psychologie trans-personnelle et \u00e9ducatrice n\u00e9o-natale (aide aux jeunes parents), D\u00e9sir\u00e9e a \u00e9t\u00e9 form\u00e9e \u00e0 l&rsquo;\u00e9nn\u00e9agramme, l&rsquo;astrologie, le coaching syst\u00e9mique, la g\u00e9om\u00e9trie sacr\u00e9e (m\u00e9ditation Merkaba) et la m\u00e9thode Touch for health. Elle travaille actuellement au centre Feu Sacr\u00e9 \u00e0 Rio de Janeiro comme formatrice et <a href=\"https:\/\/alineamientoenergetico.com\/fr\/alignement-energetique-en-europe\/\">th\u00e9rapeute Or Vert<\/a> et Feu Sacr\u00e9 et se d\u00e9place une fois par an en France afin d\u2019enseigner la technique Or Vert qu\u2019elle a cr\u00e9\u00e9 avec Carlos Henrique Alv\u00e8s. <\/p>\t\t\t\t\t\t\t\t<\/div>\n\t\t\t\t<\/div>\n\t\t\t\t\t<\/div>\n\t\t<\/div>\n\t\t\t\t<div class=\"elementor-column elementor-col-33 elementor-top-column elementor-element elementor-element-55e364d\" data-id=\"55e364d\" data-element_type=\"column\" data-e-type=\"column\">\n\t\t\t<div class=\"elementor-widget-wrap elementor-element-populated\">\n\t\t\t\t\t\t<div class=\"elementor-element elementor-element-13c13e3 elementor-widget elementor-widget-image\" data-id=\"13c13e3\" data-element_type=\"widget\" data-e-type=\"widget\" data-widget_type=\"image.default\">\n\t\t\t\t<div class=\"elementor-widget-container\">\n\t\t\t\t\t\t\t\t\t\t\t\t\t\t\t<img fetchpriority=\"high\" decoding=\"async\" width=\"634\" height=\"617\" src=\"https:\/\/alineamientoenergetico.com\/fr\/wp-content\/uploads\/2020\/05\/oliveira-desiree-2.jpeg\" class=\"attachment-large size-large wp-image-2000\" alt=\"D\u00e9sir\u00e9e Oliveira\" srcset=\"https:\/\/alineamientoenergetico.com\/fr\/wp-content\/uploads\/2020\/05\/oliveira-desiree-2.jpeg 634w, https:\/\/alineamientoenergetico.com\/fr\/wp-content\/uploads\/2020\/05\/oliveira-desiree-2-300x292.jpeg 300w\" sizes=\"(max-width: 634px) 100vw, 634px\" \/>\t\t\t\t\t\t\t\t\t\t\t\t\t\t\t<\/div>\n\t\t\t\t<\/div>\n\t\t\t\t\t<\/div>\n\t\t<\/div>\n\t\t\t\t\t<\/div>\n\t\t<\/section>\n\t\t\t\t<\/div>\n\t\t","protected":false},"excerpt":{"rendered":"<p>Chamane br\u00e9silienne D\u00e9sir\u00e9e Oliveira est actuellement professeur d&rsquo;alignement \u00e9nerg\u00e9tique &#8211; technique Or Vert et Feu Sacr\u00e9 au Br\u00e9sil et en Europe. D\u00e9sir\u00e9e coordonne des groupes d&rsquo;\u00e9tudes pour les femmes et effectue des recherches sur les nouvelles formes d&rsquo;utilisation et d&rsquo;am\u00e9lioration de la technique Or Vert. Dipl\u00f4m\u00e9 en Informatique, math\u00e9matique, psychologie trans-personnelle et \u00e9ducatrice n\u00e9o-natale (aide aux jeunes parents), D\u00e9sir\u00e9e a \u00e9t\u00e9 form\u00e9e \u00e0 l&rsquo;\u00e9nn\u00e9agramme, l&rsquo;astrologie, le coaching syst\u00e9mique, la g\u00e9om\u00e9trie sacr\u00e9e (m\u00e9ditation Merkaba) et la\u2026<\/p>\n","protected":false},"author":1,"featured_media":0,"parent":0,"menu_order":0,"comment_status":"closed","ping_status":"closed","template":"","meta":{"site-sidebar-layout":"default","site-content-layout":"default","ast-site-content-layout":"default","site-content-style":"default","site-sidebar-style":"default","ast-global-header-display":"","ast-banner-title-visibility":"","ast-main-header-display":"","ast-hfb-above-header-display":"","ast-hfb-below-header-display":"","ast-hfb-mobile-header-display":"","site-post-title":"","ast-breadcrumbs-content":"","ast-featured-img":"","footer-sml-layout":"","ast-disable-related-posts":"","theme-transparent-header-meta":"default","adv-header-id-meta":"","stick-header-meta":"","header-above-stick-meta":"","header-main-stick-meta":"","header-below-stick-meta":"","astra-migrate-meta-layouts":"default","ast-page-background-enabled":"default","ast-page-background-meta":{"desktop":{"background-color":"","background-image":"","background-repeat":"repeat","background-position":"center center","background-size":"auto","background-attachment":"scroll","background-type":"","background-media":"","overlay-type":"","overlay-color":"","overlay-opacity":"","overlay-gradient":""},"tablet":{"background-color":"","background-image":"","background-repeat":"repeat","background-position":"center center","background-size":"auto","background-attachment":"scroll","background-type":"","background-media":"","overlay-type":"","overlay-color":"","overlay-opacity":"","overlay-gradient":""},"mobile":{"background-color":"","background-image":"","background-repeat":"repeat","background-position":"center center","background-size":"auto","background-attachment":"scroll","background-type":"","background-media":"","overlay-type":"","overlay-color":"","overlay-opacity":"","overlay-gradient":""}},"ast-content-background-meta":{"desktop":{"background-color":"var(--ast-global-color-5)","background-image":"","background-repeat":"repeat","background-position":"center center","background-size":"auto","background-attachment":"scroll","background-type":"","background-media":"","overlay-type":"","overlay-color":"","overlay-opacity":"","overlay-gradient":""},"tablet":{"background-color":"var(--ast-global-color-5)","background-image":"","background-repeat":"repeat","background-position":"center center","background-size":"auto","background-attachment":"scroll","background-type":"","background-media":"","overlay-type":"","overlay-color":"","overlay-opacity":"","overlay-gradient":""},"mobile":{"background-color":"var(--ast-global-color-5)","background-image":"","background-repeat":"repeat","background-position":"center center","background-size":"auto","background-attachment":"scroll","background-type":"","background-media":"","overlay-type":"","overlay-color":"","overlay-opacity":"","overlay-gradient":""}},"footnotes":""},"class_list":["post-1692","page","type-page","status-publish","hentry"],"_links":{"self":[{"href":"https:\/\/alineamientoenergetico.com\/fr\/wp-json\/wp\/v2\/pages\/1692","targetHints":{"allow":["GET"]}}],"collection":[{"href":"https:\/\/alineamientoenergetico.com\/fr\/wp-json\/wp\/v2\/pages"}],"about":[{"href":"https:\/\/alineamientoenergetico.com\/fr\/wp-json\/wp\/v2\/types\/page"}],"author":[{"embeddable":true,"href":"https:\/\/alineamientoenergetico.com\/fr\/wp-json\/wp\/v2\/users\/1"}],"replies":[{"embeddable":true,"href":"https:\/\/alineamientoenergetico.com\/fr\/wp-json\/wp\/v2\/comments?post=1692"}],"version-history":[{"count":9,"href":"https:\/\/alineamientoenergetico.com\/fr\/wp-json\/wp\/v2\/pages\/1692\/revisions"}],"predecessor-version":[{"id":2147,"href":"https:\/\/alineamientoenergetico.com\/fr\/wp-json\/wp\/v2\/pages\/1692\/revisions\/2147"}],"wp:attachment":[{"href":"https:\/\/alineamientoenergetico.com\/fr\/wp-json\/wp\/v2\/media?parent=1692"}],"curies":[{"name":"wp","href":"https:\/\/api.w.org\/{rel}","templated":true}]}}