{"id":1688,"date":"2020-04-20T11:43:35","date_gmt":"2020-04-20T11:43:35","guid":{"rendered":"https:\/\/alineamientoenergetico.com\/fr\/?page_id=1688"},"modified":"2020-11-12T11:47:37","modified_gmt":"2020-11-12T10:47:37","slug":"mei-samarra","status":"publish","type":"page","link":"https:\/\/alineamientoenergetico.com\/fr\/mei-samarra\/","title":{"rendered":"mei samarra"},"content":{"rendered":"\t\t<div data-elementor-type=\"wp-page\" data-elementor-id=\"1688\" class=\"elementor elementor-1688\">\n\t\t\t\t\t\t<section class=\"elementor-section elementor-top-section elementor-element elementor-element-62629da elementor-section-boxed elementor-section-height-default elementor-section-height-default\" data-id=\"62629da\" data-element_type=\"section\" data-e-type=\"section\">\n\t\t\t\t\t\t<div class=\"elementor-container elementor-column-gap-default\">\n\t\t\t\t\t<div class=\"elementor-column elementor-col-66 elementor-top-column elementor-element elementor-element-51078b4\" data-id=\"51078b4\" data-element_type=\"column\" data-e-type=\"column\">\n\t\t\t<div class=\"elementor-widget-wrap elementor-element-populated\">\n\t\t\t\t\t\t<div class=\"elementor-element elementor-element-8d5811d elementor-widget elementor-widget-text-editor\" data-id=\"8d5811d\" data-element_type=\"widget\" data-e-type=\"widget\" data-widget_type=\"text-editor.default\">\n\t\t\t\t<div class=\"elementor-widget-container\">\n\t\t\t\t\t\t\t\t\t<p style=\"text-align: justify;\">Mei Samarra &#8211; Professeur et <a href=\"https:\/\/alineamientoenergetico.com\/fr\/alignement-energetique-en-europe\/\">th\u00e9rapeute de la technique d&rsquo;alignement \u00e9nerg\u00e9tique<\/a> Fogo Sagrado (Feu Sacr\u00e9) et Ouro Verde (Or Vert), Mei a \u00e9t\u00e9 initi\u00e9 par les chamanes br\u00e9siliens Leticia Tui, Carlos Henrique Alv\u00e9s y Desir\u00e9e Oliveira.<br \/>Co-Directrice du centre de th\u00e9rapies holistiques et de d\u00e9veloppement personnel Alquimia, Mei donne des consultations individuelles et de groupe d&rsquo;alignement \u00e9nerg\u00e9tique, <a href=\"https:\/\/alineamientoenergetico.com\/fr\/canalisation-guidance-spirituelle-fr\/\">guidance spirituelle<\/a> et des ateliers r\u00e9serv\u00e9s aux femmes et \u00e0 la r\u00e9cup\u00e9ration de leur f\u00e9minit\u00e9.<br \/>A la suite d&rsquo;une exp\u00e9rience de plus de 15 ans dans le monde de la finance, Mei Samarra a trouv\u00e9 sa r\u00e9alisation professionnelle comme formatrice, th\u00e9rapeute et cr\u00e9atrice de techniques th\u00e9rapeutiques de connaissance de soi et de d\u00e9veloppement personnel de plusieurs techniques th\u00e9rapeutiques: <a href=\"https:\/\/alineamientoenergetico.com\/fr\/alignement-energetique-en-europe\/\">l&rsquo;alignement \u00e9nerg\u00e9tique<\/a>, la th\u00e9rapie strat\u00e9gique br\u00e8ve, la <a href=\"https:\/\/alineamientoenergetico.com\/fr\/therapie-transdimensionnelle\/\">th\u00e9rapie trans-dimensionnelle<\/a>, <a href=\"https:\/\/alineamientoenergetico.com\/fr\/canalisation-guidance-spirituelle-fr\/\">la guidance spirituelle<\/a> la Synapsis, les techniques corporelles aquatiques (watsu, Aqua Dynamic, Aquatic Being, Healing Dance), la PNL, le Focusing, l&rsquo;\u00e9nn\u00e9agramme, les outils d&rsquo;intelligence \u00e9motionnelle, la Bio\u00e9nerg\u00e9tique et le <a href=\"https:\/\/alineamientoenergetico.com\/fr\/chamanisme\/\">chamanisme<\/a>.\u00a0<\/p><p style=\"text-align: justify;\">Actuellement, Mei donne des <a href=\"https:\/\/alineamientoenergetico.com\/fr\/canalisation-guidance-spirituelle-fr\/\">consultations en guidance spirituelle<\/a> en ligne et en pr\u00e9sence \u00e0 Barcelone ou lors de ses d\u00e9placements \u00e0 Paris ainsi que des <a href=\"https:\/\/alineamientoenergetico.com\/fr\/atelier_canalisation\/\">ateliers d&rsquo;enseignement en canalisation<\/a> de cette pratique visant \u00e0 nous connecter avec notre sagesse int\u00e9rieure.<\/p>\t\t\t\t\t\t\t\t<\/div>\n\t\t\t\t<\/div>\n\t\t\t\t\t<\/div>\n\t\t<\/div>\n\t\t\t\t<div class=\"elementor-column elementor-col-33 elementor-top-column elementor-element elementor-element-3024340\" data-id=\"3024340\" data-element_type=\"column\" data-e-type=\"column\">\n\t\t\t<div class=\"elementor-widget-wrap elementor-element-populated\">\n\t\t\t\t\t\t<div class=\"elementor-element elementor-element-6ce0831 elementor-widget elementor-widget-image\" data-id=\"6ce0831\" data-element_type=\"widget\" data-e-type=\"widget\" data-widget_type=\"image.default\">\n\t\t\t\t<div class=\"elementor-widget-container\">\n\t\t\t\t\t\t\t\t\t\t\t\t\t\t\t<img fetchpriority=\"high\" decoding=\"async\" width=\"873\" height=\"1024\" src=\"https:\/\/alineamientoenergetico.com\/fr\/wp-content\/uploads\/2020\/04\/WhatsApp-Image-2018-09-14-at-16.12.15-2-873x1024.jpeg\" class=\"attachment-large size-large wp-image-1208\" alt=\"Mei Samarra\" srcset=\"https:\/\/alineamientoenergetico.com\/fr\/wp-content\/uploads\/2020\/04\/WhatsApp-Image-2018-09-14-at-16.12.15-2-873x1024.jpeg 873w, https:\/\/alineamientoenergetico.com\/fr\/wp-content\/uploads\/2020\/04\/WhatsApp-Image-2018-09-14-at-16.12.15-2-256x300.jpeg 256w, https:\/\/alineamientoenergetico.com\/fr\/wp-content\/uploads\/2020\/04\/WhatsApp-Image-2018-09-14-at-16.12.15-2-768x900.jpeg 768w, https:\/\/alineamientoenergetico.com\/fr\/wp-content\/uploads\/2020\/04\/WhatsApp-Image-2018-09-14-at-16.12.15-2.jpeg 1062w\" sizes=\"(max-width: 873px) 100vw, 873px\" \/>\t\t\t\t\t\t\t\t\t\t\t\t\t\t\t<\/div>\n\t\t\t\t<\/div>\n\t\t\t\t\t<\/div>\n\t\t<\/div>\n\t\t\t\t\t<\/div>\n\t\t<\/section>\n\t\t\t\t<\/div>\n\t\t","protected":false},"excerpt":{"rendered":"<p>Mei Samarra &#8211; Professeur et th\u00e9rapeute de la technique d&rsquo;alignement \u00e9nerg\u00e9tique Fogo Sagrado (Feu Sacr\u00e9) et Ouro Verde (Or Vert), Mei a \u00e9t\u00e9 initi\u00e9 par les chamanes br\u00e9siliens Leticia Tui, Carlos Henrique Alv\u00e9s y Desir\u00e9e Oliveira.Co-Directrice du centre de th\u00e9rapies holistiques et de d\u00e9veloppement personnel Alquimia, Mei donne des consultations individuelles et de groupe d&rsquo;alignement \u00e9nerg\u00e9tique, guidance spirituelle et des ateliers r\u00e9serv\u00e9s aux femmes et \u00e0 la r\u00e9cup\u00e9ration de leur f\u00e9minit\u00e9.A la suite d&rsquo;une exp\u00e9rience\u2026<\/p>\n","protected":false},"author":1,"featured_media":0,"parent":0,"menu_order":0,"comment_status":"closed","ping_status":"closed","template":"","meta":{"site-sidebar-layout":"default","site-content-layout":"default","ast-site-content-layout":"default","site-content-style":"default","site-sidebar-style":"default","ast-global-header-display":"","ast-banner-title-visibility":"","ast-main-header-display":"","ast-hfb-above-header-display":"","ast-hfb-below-header-display":"","ast-hfb-mobile-header-display":"","site-post-title":"","ast-breadcrumbs-content":"","ast-featured-img":"","footer-sml-layout":"","ast-disable-related-posts":"","theme-transparent-header-meta":"default","adv-header-id-meta":"","stick-header-meta":"","header-above-stick-meta":"","header-main-stick-meta":"","header-below-stick-meta":"","astra-migrate-meta-layouts":"default","ast-page-background-enabled":"default","ast-page-background-meta":{"desktop":{"background-color":"","background-image":"","background-repeat":"repeat","background-position":"center center","background-size":"auto","background-attachment":"scroll","background-type":"","background-media":"","overlay-type":"","overlay-color":"","overlay-opacity":"","overlay-gradient":""},"tablet":{"background-color":"","background-image":"","background-repeat":"repeat","background-position":"center center","background-size":"auto","background-attachment":"scroll","background-type":"","background-media":"","overlay-type":"","overlay-color":"","overlay-opacity":"","overlay-gradient":""},"mobile":{"background-color":"","background-image":"","background-repeat":"repeat","background-position":"center center","background-size":"auto","background-attachment":"scroll","background-type":"","background-media":"","overlay-type":"","overlay-color":"","overlay-opacity":"","overlay-gradient":""}},"ast-content-background-meta":{"desktop":{"background-color":"var(--ast-global-color-5)","background-image":"","background-repeat":"repeat","background-position":"center center","background-size":"auto","background-attachment":"scroll","background-type":"","background-media":"","overlay-type":"","overlay-color":"","overlay-opacity":"","overlay-gradient":""},"tablet":{"background-color":"var(--ast-global-color-5)","background-image":"","background-repeat":"repeat","background-position":"center center","background-size":"auto","background-attachment":"scroll","background-type":"","background-media":"","overlay-type":"","overlay-color":"","overlay-opacity":"","overlay-gradient":""},"mobile":{"background-color":"var(--ast-global-color-5)","background-image":"","background-repeat":"repeat","background-position":"center center","background-size":"auto","background-attachment":"scroll","background-type":"","background-media":"","overlay-type":"","overlay-color":"","overlay-opacity":"","overlay-gradient":""}},"footnotes":""},"class_list":["post-1688","page","type-page","status-publish","hentry"],"_links":{"self":[{"href":"https:\/\/alineamientoenergetico.com\/fr\/wp-json\/wp\/v2\/pages\/1688","targetHints":{"allow":["GET"]}}],"collection":[{"href":"https:\/\/alineamientoenergetico.com\/fr\/wp-json\/wp\/v2\/pages"}],"about":[{"href":"https:\/\/alineamientoenergetico.com\/fr\/wp-json\/wp\/v2\/types\/page"}],"author":[{"embeddable":true,"href":"https:\/\/alineamientoenergetico.com\/fr\/wp-json\/wp\/v2\/users\/1"}],"replies":[{"embeddable":true,"href":"https:\/\/alineamientoenergetico.com\/fr\/wp-json\/wp\/v2\/comments?post=1688"}],"version-history":[{"count":24,"href":"https:\/\/alineamientoenergetico.com\/fr\/wp-json\/wp\/v2\/pages\/1688\/revisions"}],"predecessor-version":[{"id":2162,"href":"https:\/\/alineamientoenergetico.com\/fr\/wp-json\/wp\/v2\/pages\/1688\/revisions\/2162"}],"wp:attachment":[{"href":"https:\/\/alineamientoenergetico.com\/fr\/wp-json\/wp\/v2\/media?parent=1688"}],"curies":[{"name":"wp","href":"https:\/\/api.w.org\/{rel}","templated":true}]}}