{"id":1686,"date":"2020-04-20T11:42:52","date_gmt":"2020-04-20T11:42:52","guid":{"rendered":"https:\/\/alineamientoenergetico.com\/fr\/?page_id=1686"},"modified":"2022-12-18T10:33:39","modified_gmt":"2022-12-18T09:33:39","slug":"stephane-wickaert","status":"publish","type":"page","link":"https:\/\/alineamientoenergetico.com\/fr\/stephane-wickaert\/","title":{"rendered":"stephane wickaert"},"content":{"rendered":"\t\t<div data-elementor-type=\"wp-page\" data-elementor-id=\"1686\" class=\"elementor elementor-1686\">\n\t\t\t\t\t\t<section class=\"elementor-section elementor-top-section elementor-element elementor-element-17e8acd elementor-section-boxed elementor-section-height-default elementor-section-height-default\" data-id=\"17e8acd\" data-element_type=\"section\" data-e-type=\"section\">\n\t\t\t\t\t\t<div class=\"elementor-container elementor-column-gap-default\">\n\t\t\t\t\t<div class=\"elementor-column elementor-col-66 elementor-top-column elementor-element elementor-element-58ec1b2\" data-id=\"58ec1b2\" data-element_type=\"column\" data-e-type=\"column\">\n\t\t\t<div class=\"elementor-widget-wrap elementor-element-populated\">\n\t\t\t\t\t\t<div class=\"elementor-element elementor-element-d00f0ba elementor-widget elementor-widget-text-editor\" data-id=\"d00f0ba\" data-element_type=\"widget\" data-e-type=\"widget\" data-widget_type=\"text-editor.default\">\n\t\t\t\t<div class=\"elementor-widget-container\">\n\t\t\t\t\t\t\t\t\t<p style=\"text-align: justify;\">st\u00e9phane Wickaert est le cr\u00e9ateur associ\u00e9 d&rsquo;Alquimia en Espagne et exerce ses activit\u00e9s de <a href=\"https:\/\/alineamientoenergetico.com\/fr\/mediation-resolution-de-conflits\/\"><strong>M\u00e9diateur<\/strong><\/a>, <a href=\"https:\/\/alineamientoenergetico.com\/fr\/formation-alignement-energetique-or-vert-paris-2020\/\">formateur en alignement \u00e9nerg\u00e9tique Or Vert<\/a>, moniteur de dynamique de groupe de relaxation par le rire, traducteur et th\u00e9rapeute de watsu dans les pays suivants : Espagne &#8211; France &#8211; Belgique &#8211; Suisse &#8211; Br\u00e9sil &#8211; Italie.<\/p><p style=\"text-align: justify;\">Dipl\u00f4m\u00e9 d&rsquo;un Master en Marketing et Communication (France) et en <a href=\"https:\/\/alineamientoenergetico.com\/fr\/mediation-resolution-de-conflits\/\">M\u00e9diation<\/a> professionnelle (Espagne).<br \/>A la suite de 8 ann\u00e9es de travail en entreprise aux Etats-Unis, il s&rsquo;accorda une ann\u00e9e sabbatique et parti en voyage autour du monde pendant plus d&rsquo;un an \u00e0 la suite duquel il s&rsquo;installa en Espagne. Cette exp\u00e9rience personnelle changea sa perception de la vie et l&rsquo;invita \u00e0 commencer un travail de d\u00e9veloppement personnel important qui l&rsquo;a conduit \u00e0 se former \u00e0 plusieurs activit\u00e9s th\u00e9rapeutiques.<\/p><p style=\"text-align: justify;\">Responsable de l&rsquo;enseignement officiel de la m\u00e9thode de l&rsquo;alignement \u00e9nerg\u00e9tique Or Vert en Europe en langue fran\u00e7aise et espagnole, St\u00e9phane travaille comme <a href=\"https:\/\/alineamientoenergetico.com\/fr\/mediation-resolution-de-conflits\/\">m\u00e9diateur<\/a> priv\u00e9 et public pour toutes les affaires sociales et communautaires de la mairie de Sitges (Ville situ\u00e9 \u00e0 30 minutes de Barcelone). Il fait \u00e9galement partie de l&rsquo;\u00e9quipe des formateurs de la technique d&rsquo;alignement \u00e9nerg\u00e9tique Or Vert et est l&rsquo;organisateur des \u00e9v\u00e9nements Alquimia en Europe, ainsi que le traducteur de certains \u00e9v\u00e9nements qu&rsquo;il organise.<\/p>\t\t\t\t\t\t\t\t<\/div>\n\t\t\t\t<\/div>\n\t\t\t\t\t<\/div>\n\t\t<\/div>\n\t\t\t\t<div class=\"elementor-column elementor-col-33 elementor-top-column elementor-element elementor-element-5ac11c2\" data-id=\"5ac11c2\" data-element_type=\"column\" data-e-type=\"column\">\n\t\t\t<div class=\"elementor-widget-wrap elementor-element-populated\">\n\t\t\t\t\t\t<div class=\"elementor-element elementor-element-34a0c57 elementor-widget elementor-widget-image\" data-id=\"34a0c57\" data-element_type=\"widget\" data-e-type=\"widget\" data-widget_type=\"image.default\">\n\t\t\t\t<div class=\"elementor-widget-container\">\n\t\t\t\t\t\t\t\t\t\t\t\t\t\t\t<img fetchpriority=\"high\" decoding=\"async\" width=\"444\" height=\"487\" src=\"https:\/\/alineamientoenergetico.com\/fr\/wp-content\/uploads\/2020\/11\/stephane-wickaert-alquimia-2.jpeg\" class=\"attachment-large size-large wp-image-2163\" alt=\"\" srcset=\"https:\/\/alineamientoenergetico.com\/fr\/wp-content\/uploads\/2020\/11\/stephane-wickaert-alquimia-2.jpeg 444w, https:\/\/alineamientoenergetico.com\/fr\/wp-content\/uploads\/2020\/11\/stephane-wickaert-alquimia-2-274x300.jpeg 274w\" sizes=\"(max-width: 444px) 100vw, 444px\" \/>\t\t\t\t\t\t\t\t\t\t\t\t\t\t\t<\/div>\n\t\t\t\t<\/div>\n\t\t\t\t\t<\/div>\n\t\t<\/div>\n\t\t\t\t\t<\/div>\n\t\t<\/section>\n\t\t\t\t<\/div>\n\t\t","protected":false},"excerpt":{"rendered":"<p>st\u00e9phane Wickaert est le cr\u00e9ateur associ\u00e9 d&rsquo;Alquimia en Espagne et exerce ses activit\u00e9s de M\u00e9diateur, formateur en alignement \u00e9nerg\u00e9tique Or Vert, moniteur de dynamique de groupe de relaxation par le rire, traducteur et th\u00e9rapeute de watsu dans les pays suivants : Espagne &#8211; France &#8211; Belgique &#8211; Suisse &#8211; Br\u00e9sil &#8211; Italie. Dipl\u00f4m\u00e9 d&rsquo;un Master en Marketing et Communication (France) et en M\u00e9diation professionnelle (Espagne).A la suite de 8 ann\u00e9es de travail en entreprise aux\u2026<\/p>\n","protected":false},"author":1,"featured_media":0,"parent":0,"menu_order":0,"comment_status":"closed","ping_status":"closed","template":"","meta":{"site-sidebar-layout":"default","site-content-layout":"default","ast-site-content-layout":"default","site-content-style":"default","site-sidebar-style":"default","ast-global-header-display":"","ast-banner-title-visibility":"","ast-main-header-display":"","ast-hfb-above-header-display":"","ast-hfb-below-header-display":"","ast-hfb-mobile-header-display":"","site-post-title":"","ast-breadcrumbs-content":"","ast-featured-img":"","footer-sml-layout":"","ast-disable-related-posts":"","theme-transparent-header-meta":"default","adv-header-id-meta":"","stick-header-meta":"","header-above-stick-meta":"","header-main-stick-meta":"","header-below-stick-meta":"","astra-migrate-meta-layouts":"default","ast-page-background-enabled":"default","ast-page-background-meta":{"desktop":{"background-color":"","background-image":"","background-repeat":"repeat","background-position":"center center","background-size":"auto","background-attachment":"scroll","background-type":"","background-media":"","overlay-type":"","overlay-color":"","overlay-opacity":"","overlay-gradient":""},"tablet":{"background-color":"","background-image":"","background-repeat":"repeat","background-position":"center center","background-size":"auto","background-attachment":"scroll","background-type":"","background-media":"","overlay-type":"","overlay-color":"","overlay-opacity":"","overlay-gradient":""},"mobile":{"background-color":"","background-image":"","background-repeat":"repeat","background-position":"center center","background-size":"auto","background-attachment":"scroll","background-type":"","background-media":"","overlay-type":"","overlay-color":"","overlay-opacity":"","overlay-gradient":""}},"ast-content-background-meta":{"desktop":{"background-color":"var(--ast-global-color-5)","background-image":"","background-repeat":"repeat","background-position":"center center","background-size":"auto","background-attachment":"scroll","background-type":"","background-media":"","overlay-type":"","overlay-color":"","overlay-opacity":"","overlay-gradient":""},"tablet":{"background-color":"var(--ast-global-color-5)","background-image":"","background-repeat":"repeat","background-position":"center center","background-size":"auto","background-attachment":"scroll","background-type":"","background-media":"","overlay-type":"","overlay-color":"","overlay-opacity":"","overlay-gradient":""},"mobile":{"background-color":"var(--ast-global-color-5)","background-image":"","background-repeat":"repeat","background-position":"center center","background-size":"auto","background-attachment":"scroll","background-type":"","background-media":"","overlay-type":"","overlay-color":"","overlay-opacity":"","overlay-gradient":""}},"footnotes":""},"class_list":["post-1686","page","type-page","status-publish","hentry"],"_links":{"self":[{"href":"https:\/\/alineamientoenergetico.com\/fr\/wp-json\/wp\/v2\/pages\/1686","targetHints":{"allow":["GET"]}}],"collection":[{"href":"https:\/\/alineamientoenergetico.com\/fr\/wp-json\/wp\/v2\/pages"}],"about":[{"href":"https:\/\/alineamientoenergetico.com\/fr\/wp-json\/wp\/v2\/types\/page"}],"author":[{"embeddable":true,"href":"https:\/\/alineamientoenergetico.com\/fr\/wp-json\/wp\/v2\/users\/1"}],"replies":[{"embeddable":true,"href":"https:\/\/alineamientoenergetico.com\/fr\/wp-json\/wp\/v2\/comments?post=1686"}],"version-history":[{"count":19,"href":"https:\/\/alineamientoenergetico.com\/fr\/wp-json\/wp\/v2\/pages\/1686\/revisions"}],"predecessor-version":[{"id":2623,"href":"https:\/\/alineamientoenergetico.com\/fr\/wp-json\/wp\/v2\/pages\/1686\/revisions\/2623"}],"wp:attachment":[{"href":"https:\/\/alineamientoenergetico.com\/fr\/wp-json\/wp\/v2\/media?parent=1686"}],"curies":[{"name":"wp","href":"https:\/\/api.w.org\/{rel}","templated":true}]}}